{"id":816,"date":"2025-01-13T10:42:31","date_gmt":"2025-01-13T09:42:31","guid":{"rendered":"https:\/\/developlaclave.es\/develop\/pictormulier\/politica-de-privacidad\/"},"modified":"2025-02-12T12:36:54","modified_gmt":"2025-02-12T11:36:54","slug":"politica-de-privacidad","status":"publish","type":"page","link":"https:\/\/pictormulier.com\/fr\/politica-de-privacidad\/","title":{"rendered":"Pol\u00edtica de privacidad"},"content":{"rendered":"\t\t<div data-elementor-type=\"wp-post\" data-elementor-id=\"816\" class=\"elementor elementor-816 elementor-359\">\n\t\t\t\t<div class=\"elementor-element elementor-element-86f85e4 e-flex e-con-boxed e-con e-parent\" data-id=\"86f85e4\" data-element_type=\"container\" data-e-type=\"container\" data-settings=\"{&quot;background_background&quot;:&quot;classic&quot;}\">\n\t\t\t\t\t<div class=\"e-con-inner\">\n\t\t\t\t<div class=\"elementor-element elementor-element-f4e52b8 elementor-widget elementor-widget-heading\" data-id=\"f4e52b8\" data-element_type=\"widget\" data-e-type=\"widget\" data-widget_type=\"heading.default\">\n\t\t\t\t<div class=\"elementor-widget-container\">\n\t\t\t\t\t<h1 class=\"elementor-heading-title elementor-size-default\">Pol\u00edtica de privacidad<\/h1>\t\t\t\t<\/div>\n\t\t\t\t<\/div>\n\t\t\t\t\t<\/div>\n\t\t\t\t<\/div>\n\t\t<div class=\"elementor-element elementor-element-10e8f59 e-flex e-con-boxed e-con e-parent\" data-id=\"10e8f59\" data-element_type=\"container\" data-e-type=\"container\">\n\t\t\t\t\t<div class=\"e-con-inner\">\n\t\t\t\t<div class=\"elementor-element elementor-element-3eb349d elementor-widget elementor-widget-text-editor\" data-id=\"3eb349d\" data-element_type=\"widget\" data-e-type=\"widget\" data-widget_type=\"text-editor.default\">\n\t\t\t\t<div class=\"elementor-widget-container\">\n\t\t\t\t\t\t\t\t\t<p><strong>1. Responsable del tratamiento de los datos<\/strong> <br \/>&#8211; Identidad: Pictor Mulier <br \/>&#8211; NIF: 30563372Y <br \/>&#8211; Domicilio: Amado Granell Mesado, 65. 46013 Valencia<br \/>&#8211; Correo electr\u00f3nico: pictor@pictormulier.com<\/p><p><strong>2. Finalidad del tratamiento<\/strong> <br \/>Los datos personales recogidos a trav\u00e9s del formulario de contacto, registro o compras en el sitio web ser\u00e1n tratados con las siguientes finalidades: <br \/>&#8211; Gestionar solicitudes, encargos y compras realizadas por los usuarios. <br \/>&#8211; Enviar informaci\u00f3n sobre nuevas obras, exposiciones y otros contenidos de inter\u00e9s (previo consentimiento). <br \/>&#8211; Cumplir con obligaciones legales.<\/p><p><strong>3. Legitimaci\u00f3n del tratamiento<\/strong> <br \/>El tratamiento de datos se basa en: <br \/>&#8211; El consentimiento del usuario al completar los formularios. <br \/>&#8211; La ejecuci\u00f3n de un contrato para la venta de productos o servicios. <br \/>&#8211; El cumplimiento de obligaciones legales.<\/p><p><strong>4. Destinatarios de los datos<\/strong> <br \/>Tus datos no ser\u00e1n cedidos a terceros salvo obligaci\u00f3n legal o autorizaci\u00f3n previa.<\/p><p><strong>5. Derechos de los usuarios<\/strong> <br \/>Como usuario, tienes derecho a: <br \/>&#8211; Acceder a tus datos personales. <br \/>&#8211; Rectificar los datos inexactos. <br \/>&#8211; Solicitar la supresi\u00f3n de tus datos cuando ya no sean necesarios para los fines recogidos. <br \/>&#8211; Limitar el tratamiento de tus datos en determinadas circunstancias. <br \/>&#8211; Solicitar la portabilidad de tus datos. <br \/>&#8211; Oponerte al tratamiento de tus datos personales.<\/p><p>Puedes ejercer tus derechos enviando un correo electr\u00f3nico a pictor@pictormulier.com, adjuntando una copia de tu DNI o documento equivalente.<\/p><p><strong>6. Conservaci\u00f3n de los datos<\/strong> <br \/>Los datos ser\u00e1n conservados mientras exista una relaci\u00f3n contractual o hasta que el usuario solicite su supresi\u00f3n, y posteriormente, durante el plazo legal exigido para cumplir con obligaciones fiscales o legales.<\/p><p><strong>7. Seguridad de los datos<\/strong> <br \/>El sitio web adopta medidas t\u00e9cnicas y organizativas para garantizar la seguridad de los datos personales y evitar accesos no autorizados, p\u00e9rdida, destrucci\u00f3n o alteraci\u00f3n de los mismos.<\/p><p><strong>8. Cambios en la pol\u00edtica de privacidad<\/strong> <br \/>Esta pol\u00edtica puede ser actualizada para adaptarse a cambios legislativos o a las necesidades del sitio web. Las modificaciones se publicar\u00e1n en esta misma p\u00e1gina.<\/p><p><strong>9. Contacto<\/strong> <br \/>Para cualquier duda sobre esta pol\u00edtica de privacidad, puedes contactarnos en pictor@pictormulier.com<\/p>\t\t\t\t\t\t\t\t<\/div>\n\t\t\t\t<\/div>\n\t\t\t\t\t<\/div>\n\t\t\t\t<\/div>\n\t\t\t\t<\/div>\n\t\t","protected":false},"excerpt":{"rendered":"<p>Pol\u00edtica de privacidad 1. Responsable del tratamiento de los datos &#8211; Identidad: Pictor Mulier &#8211; NIF: 30563372Y &#8211; Domicilio: Amado Granell Mesado, 65. 46013 Valencia&#8211; Correo electr\u00f3nico: pictor@pictormulier.com 2. Finalidad del tratamiento Los datos personales recogidos a trav\u00e9s del formulario de contacto, registro o compras en el sitio web ser\u00e1n tratados con las siguientes finalidades: [&#8230;]<\/p>\n<p><a class=\"btn btn-secondary understrap-read-more-link\" href=\"https:\/\/pictormulier.com\/fr\/politica-de-privacidad\/\">Lire la suite\u2026<span class=\"screen-reader-text\"> from Pol\u00edtica de privacidad<\/span><\/a><\/p>\n","protected":false},"author":1,"featured_media":0,"parent":0,"menu_order":0,"comment_status":"closed","ping_status":"closed","template":"elementor_header_footer","meta":{"footnotes":""},"class_list":["post-816","page","type-page","status-publish","hentry"],"_links":{"self":[{"href":"https:\/\/pictormulier.com\/fr\/wp-json\/wp\/v2\/pages\/816","targetHints":{"allow":["GET"]}}],"collection":[{"href":"https:\/\/pictormulier.com\/fr\/wp-json\/wp\/v2\/pages"}],"about":[{"href":"https:\/\/pictormulier.com\/fr\/wp-json\/wp\/v2\/types\/page"}],"author":[{"embeddable":true,"href":"https:\/\/pictormulier.com\/fr\/wp-json\/wp\/v2\/users\/1"}],"replies":[{"embeddable":true,"href":"https:\/\/pictormulier.com\/fr\/wp-json\/wp\/v2\/comments?post=816"}],"version-history":[{"count":5,"href":"https:\/\/pictormulier.com\/fr\/wp-json\/wp\/v2\/pages\/816\/revisions"}],"predecessor-version":[{"id":3474,"href":"https:\/\/pictormulier.com\/fr\/wp-json\/wp\/v2\/pages\/816\/revisions\/3474"}],"wp:attachment":[{"href":"https:\/\/pictormulier.com\/fr\/wp-json\/wp\/v2\/media?parent=816"}],"curies":[{"name":"wp","href":"https:\/\/api.w.org\/{rel}","templated":true}]}}