{"id":800,"date":"2025-01-13T10:45:25","date_gmt":"2025-01-13T09:45:25","guid":{"rendered":"https:\/\/developlaclave.es\/develop\/pictormulier\/aviso-legal\/"},"modified":"2025-02-12T12:34:26","modified_gmt":"2025-02-12T11:34:26","slug":"aviso-legal","status":"publish","type":"page","link":"https:\/\/pictormulier.com\/fr\/aviso-legal\/","title":{"rendered":"Aviso legal"},"content":{"rendered":"\t\t<div data-elementor-type=\"wp-post\" data-elementor-id=\"800\" class=\"elementor elementor-800 elementor-372\">\n\t\t\t\t<div class=\"elementor-element elementor-element-86f85e4 e-flex e-con-boxed e-con e-parent\" data-id=\"86f85e4\" data-element_type=\"container\" data-e-type=\"container\" data-settings=\"{&quot;background_background&quot;:&quot;classic&quot;}\">\n\t\t\t\t\t<div class=\"e-con-inner\">\n\t\t\t\t<div class=\"elementor-element elementor-element-f4e52b8 elementor-widget elementor-widget-heading\" data-id=\"f4e52b8\" data-element_type=\"widget\" data-e-type=\"widget\" data-widget_type=\"heading.default\">\n\t\t\t\t<div class=\"elementor-widget-container\">\n\t\t\t\t\t<h1 class=\"elementor-heading-title elementor-size-default\">Aviso Legal<\/h1>\t\t\t\t<\/div>\n\t\t\t\t<\/div>\n\t\t\t\t\t<\/div>\n\t\t\t\t<\/div>\n\t\t<div class=\"elementor-element elementor-element-10e8f59 e-flex e-con-boxed e-con e-parent\" data-id=\"10e8f59\" data-element_type=\"container\" data-e-type=\"container\">\n\t\t\t\t\t<div class=\"e-con-inner\">\n\t\t\t\t<div class=\"elementor-element elementor-element-3eb349d elementor-widget elementor-widget-text-editor\" data-id=\"3eb349d\" data-element_type=\"widget\" data-e-type=\"widget\" data-widget_type=\"text-editor.default\">\n\t\t\t\t<div class=\"elementor-widget-container\">\n\t\t\t\t\t\t\t\t\t<p><strong>1. Datos identificativos<\/strong> <br \/>En cumplimiento con el art\u00edculo 10 de la Ley 34\/2002, de 11 de julio, de Servicios de la Sociedad de la Informaci\u00f3n y Comercio Electr\u00f3nico (LSSICE), se facilita la siguiente informaci\u00f3n: <br \/>&#8211; Titular: Pictor Mulier <br \/>&#8211; NIF: 30563372Y<br \/>&#8211; Domicilio: Amado Granell Mesado, 65. 46013 Valencia<br \/>&#8211; Correo electr\u00f3nico: pictor@pictormulier.com<\/p><p><strong>2. Finalidad del sitio web<\/strong> <br \/>Este sitio web tiene como objetivo difundir las obras art\u00edsticas de Pictor Mulier, ofrecer informaci\u00f3n sobre exposiciones y servicios, y permitir la venta de pinturas originales, reproducciones y encargos personalizados.<\/p><p><strong>3. Condiciones de uso<\/strong> <br \/>El acceso a este sitio web implica la aceptaci\u00f3n de las presentes condiciones de uso. El usuario se compromete a utilizar la web de forma l\u00edcita, respetando los derechos del titular y de terceros. Queda prohibido cualquier uso fraudulento, il\u00edcito o contrario a la buena fe.<\/p><p><strong>4. Propiedad intelectual<\/strong> <br \/>Todos los contenidos del sitio web (textos, im\u00e1genes, dise\u00f1os, marcas, logotipos, etc.) son propiedad exclusiva de Pictor Mulier o de terceros que han autorizado su uso. Queda prohibida la reproducci\u00f3n, distribuci\u00f3n o comunicaci\u00f3n p\u00fablica de dichos contenidos sin el consentimiento expreso del titular.<\/p><p><strong>5. Exclusi\u00f3n de responsabilidad<\/strong> <br \/>El titular no se hace responsable de los da\u00f1os derivados del uso indebido del sitio web, la interrupci\u00f3n del servicio o la presencia de virus o malware.<\/p><p><strong>6. Enlaces a terceros<\/strong> <br \/>Este sitio web puede incluir enlaces a p\u00e1ginas externas. Pictor Mulier no se responsabiliza del contenido de dichas p\u00e1ginas ni de sus pol\u00edticas de privacidad.<\/p><p><strong>7. Modificaciones del aviso legal<\/strong> <br \/>El titular se reserva el derecho a modificar este aviso legal en cualquier momento. Las modificaciones entrar\u00e1n en vigor desde el momento de su publicaci\u00f3n en el sitio web.<\/p>\t\t\t\t\t\t\t\t<\/div>\n\t\t\t\t<\/div>\n\t\t\t\t\t<\/div>\n\t\t\t\t<\/div>\n\t\t\t\t<\/div>\n\t\t","protected":false},"excerpt":{"rendered":"<p>Aviso Legal 1. Datos identificativos En cumplimiento con el art\u00edculo 10 de la Ley 34\/2002, de 11 de julio, de Servicios de la Sociedad de la Informaci\u00f3n y Comercio Electr\u00f3nico (LSSICE), se facilita la siguiente informaci\u00f3n: &#8211; Titular: Pictor Mulier &#8211; NIF: 30563372Y&#8211; Domicilio: Amado Granell Mesado, 65. 46013 Valencia&#8211; Correo electr\u00f3nico: pictor@pictormulier.com 2. Finalidad [&#8230;]<\/p>\n<p><a class=\"btn btn-secondary understrap-read-more-link\" href=\"https:\/\/pictormulier.com\/fr\/aviso-legal\/\">Lire la suite\u2026<span class=\"screen-reader-text\"> from Aviso legal<\/span><\/a><\/p>\n","protected":false},"author":1,"featured_media":0,"parent":0,"menu_order":0,"comment_status":"closed","ping_status":"closed","template":"elementor_header_footer","meta":{"footnotes":""},"class_list":["post-800","page","type-page","status-publish","hentry"],"_links":{"self":[{"href":"https:\/\/pictormulier.com\/fr\/wp-json\/wp\/v2\/pages\/800","targetHints":{"allow":["GET"]}}],"collection":[{"href":"https:\/\/pictormulier.com\/fr\/wp-json\/wp\/v2\/pages"}],"about":[{"href":"https:\/\/pictormulier.com\/fr\/wp-json\/wp\/v2\/types\/page"}],"author":[{"embeddable":true,"href":"https:\/\/pictormulier.com\/fr\/wp-json\/wp\/v2\/users\/1"}],"replies":[{"embeddable":true,"href":"https:\/\/pictormulier.com\/fr\/wp-json\/wp\/v2\/comments?post=800"}],"version-history":[{"count":8,"href":"https:\/\/pictormulier.com\/fr\/wp-json\/wp\/v2\/pages\/800\/revisions"}],"predecessor-version":[{"id":3466,"href":"https:\/\/pictormulier.com\/fr\/wp-json\/wp\/v2\/pages\/800\/revisions\/3466"}],"wp:attachment":[{"href":"https:\/\/pictormulier.com\/fr\/wp-json\/wp\/v2\/media?parent=800"}],"curies":[{"name":"wp","href":"https:\/\/api.w.org\/{rel}","templated":true}]}}