{"id":664,"date":"2025-01-10T14:30:10","date_gmt":"2025-01-10T13:30:10","guid":{"rendered":"https:\/\/developlaclave.es\/develop\/pictormulier\/musas\/leina\/centauride-leina\/"},"modified":"2025-01-14T08:19:29","modified_gmt":"2025-01-14T07:19:29","slug":"centauride-leina","status":"publish","type":"page","link":"https:\/\/pictormulier.com\/fr\/muses\/leina\/centauride-leina\/","title":{"rendered":"Centauride Leina"},"content":{"rendered":"\t\t<div data-elementor-type=\"wp-post\" data-elementor-id=\"664\" class=\"elementor elementor-664 elementor-175\">\n\t\t\t\t<div class=\"elementor-element elementor-element-10e8f59 e-flex e-con-boxed e-con e-parent\" data-id=\"10e8f59\" data-element_type=\"container\" data-e-type=\"container\" data-settings=\"{&quot;background_background&quot;:&quot;classic&quot;}\">\n\t\t\t\t\t<div class=\"e-con-inner\">\n\t\t\t\t<div class=\"elementor-element elementor-element-f4e52b8 elementor-widget elementor-widget-heading\" data-id=\"f4e52b8\" data-element_type=\"widget\" data-e-type=\"widget\" data-widget_type=\"heading.default\">\n\t\t\t\t<div class=\"elementor-widget-container\">\n\t\t\t\t\t<h1 class=\"elementor-heading-title elementor-size-default\">Cent\u00e1uride Leina<\/h1>\t\t\t\t<\/div>\n\t\t\t\t<\/div>\n\t\t<div class=\"elementor-element elementor-element-0b1db09 e-con-full e-flex e-con e-child\" data-id=\"0b1db09\" data-element_type=\"container\" data-e-type=\"container\">\n\t\t<div class=\"elementor-element elementor-element-37bf8b7 e-con-full e-flex e-con e-child\" data-id=\"37bf8b7\" data-element_type=\"container\" data-e-type=\"container\">\n\t\t\t\t<div class=\"elementor-element elementor-element-e96b166 elementor-widget elementor-widget-image\" data-id=\"e96b166\" data-element_type=\"widget\" data-e-type=\"widget\" data-widget_type=\"image.default\">\n\t\t\t\t<div class=\"elementor-widget-container\">\n\t\t\t\t\t\t\t\t\t\t\t\t\t\t\t<img fetchpriority=\"high\" decoding=\"async\" width=\"640\" height=\"852\" src=\"https:\/\/pictormulier.com\/wp-content\/uploads\/2025\/01\/centauride-leina-web-769x1024.jpg\" class=\"attachment-large size-large wp-image-563\" alt=\"\" srcset=\"https:\/\/pictormulier.com\/wp-content\/uploads\/2025\/01\/centauride-leina-web-769x1024.jpg 769w, https:\/\/pictormulier.com\/wp-content\/uploads\/2025\/01\/centauride-leina-web-225x300.jpg 225w, https:\/\/pictormulier.com\/wp-content\/uploads\/2025\/01\/centauride-leina-web-768x1023.jpg 768w, https:\/\/pictormulier.com\/wp-content\/uploads\/2025\/01\/centauride-leina-web.jpg 1126w\" sizes=\"(max-width: 640px) 100vw, 640px\" \/>\t\t\t\t\t\t\t\t\t\t\t\t\t\t\t<\/div>\n\t\t\t\t<\/div>\n\t\t\t\t<\/div>\n\t\t<div class=\"elementor-element elementor-element-fab9ceb e-con-full e-flex e-con e-child\" data-id=\"fab9ceb\" data-element_type=\"container\" data-e-type=\"container\">\n\t\t\t\t<div class=\"elementor-element elementor-element-91d2746 elementor-widget elementor-widget-text-editor\" data-id=\"91d2746\" data-element_type=\"widget\" data-e-type=\"widget\" data-widget_type=\"text-editor.default\">\n\t\t\t\t<div class=\"elementor-widget-container\">\n\t\t\t\t\t\t\t\t\t<p>Modelo: <a href=\"https:\/\/developlaclave.es\/develop\/pictormulier\/musas\/leina\/\" target=\"_blank\" rel=\"noopener\"><strong>Leina<\/strong><\/a><\/p><p><em>60&#215;80 cm<br \/><\/em><em>Acr\u00edlico sobre tablero MDF 3 mm<\/em><\/p>\t\t\t\t\t\t\t\t<\/div>\n\t\t\t\t<\/div>\n\t\t\t\t<div class=\"elementor-element elementor-element-8046b86 elementor-widget elementor-widget-text-editor\" data-id=\"8046b86\" data-element_type=\"widget\" data-e-type=\"widget\" data-widget_type=\"text-editor.default\">\n\t\t\t\t<div class=\"elementor-widget-container\">\n\t\t\t\t\t\t\t\t\t<footer class=\"blockquote-footer\"><p><small><b>Original, impresiones y licencias digitales disponibles en <\/b><\/small><strong><small><a href=\"https:\/\/www.artmajeur.com\/pictor-mulier\/es\/obras-de-arte\/18018142\/centauride-leina\" target=\"_blank\" rel=\"noopener\">Artmajeur<\/a><\/small><\/strong><\/p><\/footer>\t\t\t\t\t\t\t\t<\/div>\n\t\t\t\t<\/div>\n\t\t\t\t<div class=\"elementor-element elementor-element-fd01cfa elementor-widget elementor-widget-text-editor\" data-id=\"fd01cfa\" data-element_type=\"widget\" data-e-type=\"widget\" data-widget_type=\"text-editor.default\">\n\t\t\t\t<div class=\"elementor-widget-container\">\n\t\t\t\t\t\t\t\t\t<p>D\u00e9jate cautivar por la fuerza y la elegancia de esta obra \u00fanica, donde la figura mitol\u00f3gica de una cent\u00e1uride cobra vida. Con el cuerpo majestuoso de una yegua blanca y el torso desnudo de la enigm\u00e1tica Leina, la composici\u00f3n se integra en un entorno m\u00e1gico de tonos azules y sombras profundas. Esta pieza fusiona el arte fant\u00e1stico con el realismo, evocando misterio y sensualidad.<\/p><p>Explora este universo de fantas\u00eda y deja que la conexi\u00f3n entre naturaleza y mito despierte tu imaginaci\u00f3n.<\/p>\t\t\t\t\t\t\t\t<\/div>\n\t\t\t\t<\/div>\n\t\t\t\t<\/div>\n\t\t\t\t<\/div>\n\t\t<div class=\"elementor-element elementor-element-beda414 e-con-full e-flex e-con e-child\" data-id=\"beda414\" data-element_type=\"container\" data-e-type=\"container\">\n\t\t<div class=\"elementor-element elementor-element-fe7b671 e-con-full e-flex e-con e-child\" data-id=\"fe7b671\" data-element_type=\"container\" data-e-type=\"container\">\n\t\t\t\t<div class=\"elementor-element elementor-element-ec52717 gallery-spacing-custom elementor-widget__width-initial elementor-widget elementor-widget-image-gallery\" data-id=\"ec52717\" data-element_type=\"widget\" data-e-type=\"widget\" data-widget_type=\"image-gallery.default\">\n\t\t\t\t<div class=\"elementor-widget-container\">\n\t\t\t\t\t\t\t<div class=\"elementor-image-gallery\">\n\t\t\t<div id='gallery-1' class='gallery galleryid-664 gallery-columns-3 gallery-size-medium'><figure class='gallery-item'>\n\t\t\t<div class='gallery-icon landscape'>\n\t\t\t\t<a data-elementor-open-lightbox=\"yes\" data-elementor-lightbox-slideshow=\"ec52717\" data-elementor-lightbox-title=\"centauride-leina-detalle1\" data-e-action-hash=\"#elementor-action%3Aaction%3Dlightbox%26settings%3DeyJpZCI6OTAxLCJ1cmwiOiJodHRwczpcL1wvcGljdG9ybXVsaWVyLmNvbVwvd3AtY29udGVudFwvdXBsb2Fkc1wvMjAyNVwvMDFcL2NlbnRhdXJpZGUtbGVpbmEtZGV0YWxsZTEuanBnIiwic2xpZGVzaG93IjoiZWM1MjcxNyJ9\" href=\"https:\/\/pictormulier.com\/wp-content\/uploads\/2025\/01\/centauride-leina-detalle1.jpg\"><img decoding=\"async\" width=\"300\" height=\"300\" src=\"https:\/\/pictormulier.com\/wp-content\/uploads\/2025\/01\/centauride-leina-detalle1-300x300.jpg\" class=\"attachment-medium size-medium\" alt=\"Cent\u00e1uride Leina por Pictor Mulier (detalle 1)\" srcset=\"https:\/\/pictormulier.com\/wp-content\/uploads\/2025\/01\/centauride-leina-detalle1-300x300.jpg 300w, https:\/\/pictormulier.com\/wp-content\/uploads\/2025\/01\/centauride-leina-detalle1-1024x1024.jpg 1024w, https:\/\/pictormulier.com\/wp-content\/uploads\/2025\/01\/centauride-leina-detalle1-150x150.jpg 150w, https:\/\/pictormulier.com\/wp-content\/uploads\/2025\/01\/centauride-leina-detalle1-768x768.jpg 768w, https:\/\/pictormulier.com\/wp-content\/uploads\/2025\/01\/centauride-leina-detalle1.jpg 1500w\" sizes=\"(max-width: 300px) 100vw, 300px\" \/><\/a>\n\t\t\t<\/div><\/figure><figure class='gallery-item'>\n\t\t\t<div class='gallery-icon landscape'>\n\t\t\t\t<a data-elementor-open-lightbox=\"yes\" data-elementor-lightbox-slideshow=\"ec52717\" data-elementor-lightbox-title=\"centauride-leina-detalle2\" data-e-action-hash=\"#elementor-action%3Aaction%3Dlightbox%26settings%3DeyJpZCI6OTA0LCJ1cmwiOiJodHRwczpcL1wvcGljdG9ybXVsaWVyLmNvbVwvd3AtY29udGVudFwvdXBsb2Fkc1wvMjAyNVwvMDFcL2NlbnRhdXJpZGUtbGVpbmEtZGV0YWxsZTIuanBnIiwic2xpZGVzaG93IjoiZWM1MjcxNyJ9\" href=\"https:\/\/pictormulier.com\/wp-content\/uploads\/2025\/01\/centauride-leina-detalle2.jpg\"><img decoding=\"async\" width=\"300\" height=\"300\" src=\"https:\/\/pictormulier.com\/wp-content\/uploads\/2025\/01\/centauride-leina-detalle2-300x300.jpg\" class=\"attachment-medium size-medium\" alt=\"Cent\u00e1uride Leina por Pictor Mulier (detalle 2)\" srcset=\"https:\/\/pictormulier.com\/wp-content\/uploads\/2025\/01\/centauride-leina-detalle2-300x300.jpg 300w, https:\/\/pictormulier.com\/wp-content\/uploads\/2025\/01\/centauride-leina-detalle2-1024x1024.jpg 1024w, https:\/\/pictormulier.com\/wp-content\/uploads\/2025\/01\/centauride-leina-detalle2-150x150.jpg 150w, https:\/\/pictormulier.com\/wp-content\/uploads\/2025\/01\/centauride-leina-detalle2-768x768.jpg 768w, https:\/\/pictormulier.com\/wp-content\/uploads\/2025\/01\/centauride-leina-detalle2.jpg 1500w\" sizes=\"(max-width: 300px) 100vw, 300px\" \/><\/a>\n\t\t\t<\/div><\/figure><figure class='gallery-item'>\n\t\t\t<div class='gallery-icon landscape'>\n\t\t\t\t<a data-elementor-open-lightbox=\"yes\" data-elementor-lightbox-slideshow=\"ec52717\" data-elementor-lightbox-title=\"centauride-leina-detalle3\" data-e-action-hash=\"#elementor-action%3Aaction%3Dlightbox%26settings%3DeyJpZCI6OTA3LCJ1cmwiOiJodHRwczpcL1wvcGljdG9ybXVsaWVyLmNvbVwvd3AtY29udGVudFwvdXBsb2Fkc1wvMjAyNVwvMDFcL2NlbnRhdXJpZGUtbGVpbmEtZGV0YWxsZTMuanBnIiwic2xpZGVzaG93IjoiZWM1MjcxNyJ9\" href=\"https:\/\/pictormulier.com\/wp-content\/uploads\/2025\/01\/centauride-leina-detalle3.jpg\"><img loading=\"lazy\" decoding=\"async\" width=\"300\" height=\"300\" src=\"https:\/\/pictormulier.com\/wp-content\/uploads\/2025\/01\/centauride-leina-detalle3-300x300.jpg\" class=\"attachment-medium size-medium\" alt=\"Cent\u00e1uride Leina por Pictor Mulier (detalle 3)\" srcset=\"https:\/\/pictormulier.com\/wp-content\/uploads\/2025\/01\/centauride-leina-detalle3-300x300.jpg 300w, https:\/\/pictormulier.com\/wp-content\/uploads\/2025\/01\/centauride-leina-detalle3-1024x1024.jpg 1024w, https:\/\/pictormulier.com\/wp-content\/uploads\/2025\/01\/centauride-leina-detalle3-150x150.jpg 150w, https:\/\/pictormulier.com\/wp-content\/uploads\/2025\/01\/centauride-leina-detalle3-768x768.jpg 768w, https:\/\/pictormulier.com\/wp-content\/uploads\/2025\/01\/centauride-leina-detalle3.jpg 1500w\" sizes=\"(max-width: 300px) 100vw, 300px\" \/><\/a>\n\t\t\t<\/div><\/figure>\n\t\t<\/div>\n\t\t<\/div>\n\t\t\t\t\t\t<\/div>\n\t\t\t\t<\/div>\n\t\t\t\t<\/div>\n\t\t<div class=\"elementor-element elementor-element-52664a0 e-con-full e-flex e-con e-child\" data-id=\"52664a0\" data-element_type=\"container\" data-e-type=\"container\">\n\t\t\t\t<div class=\"elementor-element elementor-element-23817a8 elementor-widget__width-initial elementor-widget elementor-widget-video\" data-id=\"23817a8\" data-element_type=\"widget\" data-e-type=\"widget\" data-settings=\"{&quot;video_type&quot;:&quot;hosted&quot;,&quot;controls&quot;:&quot;yes&quot;}\" data-widget_type=\"video.default\">\n\t\t\t\t<div class=\"elementor-widget-container\">\n\t\t\t\t\t\t\t<div class=\"e-hosted-video elementor-wrapper elementor-open-inline\">\n\t\t\t\t\t<video class=\"elementor-video\" src=\"https:\/\/developlaclave.es\/develop\/pictormulier\/wp-content\/uploads\/2025\/01\/centauride-leina-proceso.mp4\" controls=\"\" preload=\"metadata\" controlsList=\"nodownload\"><\/video>\n\t\t\t\t<\/div>\n\t\t\t\t\t\t<\/div>\n\t\t\t\t<\/div>\n\t\t\t\t<div class=\"elementor-element elementor-element-00a04f9 elementor-widget__width-initial elementor-widget elementor-widget-video\" data-id=\"00a04f9\" data-element_type=\"widget\" data-e-type=\"widget\" data-settings=\"{&quot;video_type&quot;:&quot;hosted&quot;,&quot;controls&quot;:&quot;yes&quot;}\" data-widget_type=\"video.default\">\n\t\t\t\t<div class=\"elementor-widget-container\">\n\t\t\t\t\t\t\t<div class=\"e-hosted-video elementor-wrapper elementor-open-inline\">\n\t\t\t\t\t<video class=\"elementor-video\" src=\"https:\/\/developlaclave.es\/develop\/pictormulier\/wp-content\/uploads\/2025\/01\/centauride-leina.mp4\" controls=\"\" preload=\"metadata\" controlsList=\"nodownload\"><\/video>\n\t\t\t\t<\/div>\n\t\t\t\t\t\t<\/div>\n\t\t\t\t<\/div>\n\t\t\t\t<\/div>\n\t\t\t\t<\/div>\n\t\t\t\t\t<\/div>\n\t\t\t\t<\/div>\n\t\t\t\t<\/div>\n\t\t","protected":false},"excerpt":{"rendered":"<p>Cent\u00e1uride Leina Modelo: Leina 60&#215;80 cmAcr\u00edlico sobre tablero MDF 3 mm Original, impresiones y licencias digitales disponibles en Artmajeur D\u00e9jate cautivar por la fuerza y la elegancia de esta obra \u00fanica, donde la figura mitol\u00f3gica de una cent\u00e1uride cobra vida. Con el cuerpo majestuoso de una yegua blanca y el torso desnudo de la enigm\u00e1tica [&#8230;]<\/p>\n<p><a class=\"btn btn-secondary understrap-read-more-link\" href=\"https:\/\/pictormulier.com\/fr\/muses\/leina\/centauride-leina\/\">Lire la suite\u2026<span class=\"screen-reader-text\"> from Centauride Leina<\/span><\/a><\/p>\n","protected":false},"author":1,"featured_media":0,"parent":662,"menu_order":0,"comment_status":"closed","ping_status":"closed","template":"elementor_header_footer","meta":{"footnotes":""},"class_list":["post-664","page","type-page","status-publish","hentry"],"_links":{"self":[{"href":"https:\/\/pictormulier.com\/fr\/wp-json\/wp\/v2\/pages\/664","targetHints":{"allow":["GET"]}}],"collection":[{"href":"https:\/\/pictormulier.com\/fr\/wp-json\/wp\/v2\/pages"}],"about":[{"href":"https:\/\/pictormulier.com\/fr\/wp-json\/wp\/v2\/types\/page"}],"author":[{"embeddable":true,"href":"https:\/\/pictormulier.com\/fr\/wp-json\/wp\/v2\/users\/1"}],"replies":[{"embeddable":true,"href":"https:\/\/pictormulier.com\/fr\/wp-json\/wp\/v2\/comments?post=664"}],"version-history":[{"count":23,"href":"https:\/\/pictormulier.com\/fr\/wp-json\/wp\/v2\/pages\/664\/revisions"}],"predecessor-version":[{"id":939,"href":"https:\/\/pictormulier.com\/fr\/wp-json\/wp\/v2\/pages\/664\/revisions\/939"}],"up":[{"embeddable":true,"href":"https:\/\/pictormulier.com\/fr\/wp-json\/wp\/v2\/pages\/662"}],"wp:attachment":[{"href":"https:\/\/pictormulier.com\/fr\/wp-json\/wp\/v2\/media?parent=664"}],"curies":[{"name":"wp","href":"https:\/\/api.w.org\/{rel}","templated":true}]}}