{"id":594,"date":"2025-01-10T12:34:55","date_gmt":"2025-01-10T11:34:55","guid":{"rendered":"https:\/\/developlaclave.es\/develop\/pictormulier\/inicio\/"},"modified":"2025-12-24T18:45:22","modified_gmt":"2025-12-24T17:45:22","slug":"accueil","status":"publish","type":"page","link":"https:\/\/pictormulier.com\/fr\/","title":{"rendered":"accueil"},"content":{"rendered":"\t\t<div data-elementor-type=\"wp-post\" data-elementor-id=\"594\" class=\"elementor elementor-594 elementor-86\">\n\t\t\t\t<div class=\"elementor-element elementor-element-31ee2f13 e-flex e-con-boxed e-con e-parent\" data-id=\"31ee2f13\" data-element_type=\"container\" data-e-type=\"container\" data-settings=\"{&quot;background_background&quot;:&quot;classic&quot;}\">\n\t\t\t\t\t<div class=\"e-con-inner\">\n\t\t<div class=\"elementor-element elementor-element-5814405c e-con-full e-flex e-con e-child\" data-id=\"5814405c\" data-element_type=\"container\" data-e-type=\"container\">\n\t\t\t\t<div class=\"elementor-element elementor-element-7c1fdab5 elementor-widget elementor-widget-heading\" data-id=\"7c1fdab5\" data-element_type=\"widget\" data-e-type=\"widget\" data-widget_type=\"heading.default\">\n\t\t\t\t<div class=\"elementor-widget-container\">\n\t\t\t\t\t<h1 class=\"elementor-heading-title elementor-size-default\">Pictor Mulier<\/h1>\t\t\t\t<\/div>\n\t\t\t\t<\/div>\n\t\t\t\t<div class=\"elementor-element elementor-element-3844bee0 elementor-widget elementor-widget-heading\" data-id=\"3844bee0\" data-element_type=\"widget\" data-e-type=\"widget\" data-widget_type=\"heading.default\">\n\t\t\t\t<div class=\"elementor-widget-container\">\n\t\t\t\t\t<h2 class=\"elementor-heading-title elementor-size-default\">Un art audacieux pour des esprits libres<\/h2>\t\t\t\t<\/div>\n\t\t\t\t<\/div>\n\t\t\t\t<\/div>\n\t\t\t\t\t<\/div>\n\t\t\t\t<\/div>\n\t\t<div class=\"elementor-element elementor-element-253a6087 e-flex e-con-boxed e-con e-parent\" data-id=\"253a6087\" data-element_type=\"container\" data-e-type=\"container\" data-settings=\"{&quot;background_background&quot;:&quot;classic&quot;}\">\n\t\t\t\t\t<div class=\"e-con-inner\">\n\t\t<div class=\"elementor-element elementor-element-63ff892e e-con-full e-flex e-con e-child\" data-id=\"63ff892e\" data-element_type=\"container\" data-e-type=\"container\">\n\t\t<div class=\"elementor-element elementor-element-3491b8a5 e-con-full e-flex e-con e-child\" data-id=\"3491b8a5\" data-element_type=\"container\" data-e-type=\"container\">\n\t\t\t\t<div class=\"elementor-element elementor-element-2334cc20 elementor-widget elementor-widget-image\" data-id=\"2334cc20\" data-element_type=\"widget\" data-e-type=\"widget\" data-widget_type=\"image.default\">\n\t\t\t\t<div class=\"elementor-widget-container\">\n\t\t\t\t\t\t\t\t\t\t\t\t\t\t\t\t<a href=\"https:\/\/pictormulier.com\/fr\/peintures-erotiques-galerie-nu-feminin\/galerie-de-peintures-erotiques-originales-en-vente-par-pictor-mulier\/\">\n\t\t\t\t\t\t\t<img fetchpriority=\"high\" decoding=\"async\" width=\"640\" height=\"430\" src=\"https:\/\/pictormulier.com\/wp-content\/uploads\/2025\/01\/achetez-oeuvres-originales-de-pictor-mulier.jpg\" class=\"attachment-large size-large wp-image-1208\" alt=\"Achetez des \u0153uvres originales de Pictor Mulier\" srcset=\"https:\/\/pictormulier.com\/wp-content\/uploads\/2025\/01\/achetez-oeuvres-originales-de-pictor-mulier.jpg 730w, https:\/\/pictormulier.com\/wp-content\/uploads\/2025\/01\/achetez-oeuvres-originales-de-pictor-mulier-300x201.jpg 300w\" sizes=\"(max-width: 640px) 100vw, 640px\" \/>\t\t\t\t\t\t\t\t<\/a>\n\t\t\t\t\t\t\t\t\t\t\t\t\t\t\t<\/div>\n\t\t\t\t<\/div>\n\t\t\t\t<div class=\"elementor-element elementor-element-10bdd571 elementor-widget elementor-widget-text-editor\" data-id=\"10bdd571\" data-element_type=\"widget\" data-e-type=\"widget\" data-widget_type=\"text-editor.default\">\n\t\t\t\t<div class=\"elementor-widget-container\">\n\t\t\t\t\t\t\t\t\t<p><span style=\"color: #ffffff;\"><a style=\"color: #ffffff;\" href=\"https:\/\/developlaclave.es\/develop\/pictormulier\/fr\/galerias\/galerie-de-peintures-erotiques-originales-en-vente-par-pictor-mulier\/\" target=\"_blank\" rel=\"noopener\">Acheter des \u0153uvres originales<\/a><\/span><\/p>\t\t\t\t\t\t\t\t<\/div>\n\t\t\t\t<\/div>\n\t\t\t\t<\/div>\n\t\t<div class=\"elementor-element elementor-element-1cce2dda e-con-full e-flex e-con e-child\" data-id=\"1cce2dda\" data-element_type=\"container\" data-e-type=\"container\">\n\t\t\t\t<div class=\"elementor-element elementor-element-7c0ea705 elementor-widget elementor-widget-image\" data-id=\"7c0ea705\" data-element_type=\"widget\" data-e-type=\"widget\" data-widget_type=\"image.default\">\n\t\t\t\t<div class=\"elementor-widget-container\">\n\t\t\t\t\t\t\t\t\t\t\t\t\t\t\t\t<a href=\"https:\/\/pictormulier.com\/fr\/nus-sur-commande-privee-portraits-erotiques\/\">\n\t\t\t\t\t\t\t<img decoding=\"async\" width=\"640\" height=\"430\" src=\"https:\/\/pictormulier.com\/wp-content\/uploads\/2025\/01\/commandez-votre-propre-portrait-erotique-a-pictor-mulier.jpg\" class=\"attachment-large size-large wp-image-1215\" alt=\"Commandez votre propre portrait \u00e9rotique \u00e0 Pictor Mulier\" srcset=\"https:\/\/pictormulier.com\/wp-content\/uploads\/2025\/01\/commandez-votre-propre-portrait-erotique-a-pictor-mulier.jpg 730w, https:\/\/pictormulier.com\/wp-content\/uploads\/2025\/01\/commandez-votre-propre-portrait-erotique-a-pictor-mulier-300x201.jpg 300w\" sizes=\"(max-width: 640px) 100vw, 640px\" \/>\t\t\t\t\t\t\t\t<\/a>\n\t\t\t\t\t\t\t\t\t\t\t\t\t\t\t<\/div>\n\t\t\t\t<\/div>\n\t\t\t\t<div class=\"elementor-element elementor-element-742b7008 elementor-widget elementor-widget-text-editor\" data-id=\"742b7008\" data-element_type=\"widget\" data-e-type=\"widget\" data-widget_type=\"text-editor.default\">\n\t\t\t\t<div class=\"elementor-widget-container\">\n\t\t\t\t\t\t\t\t\t<p><span style=\"color: #ffffff;\"><a style=\"color: #ffffff;\" href=\"https:\/\/pictormulier.com\/fr\/nus-sur-commande-privee-portraits-erotiques\/\">Vous osez ? Commandez votre propre portrait \u00e9rotique<\/a><\/span><\/p>\t\t\t\t\t\t\t\t<\/div>\n\t\t\t\t<\/div>\n\t\t\t\t<\/div>\n\t\t<div class=\"elementor-element elementor-element-4bd23e03 e-con-full e-flex e-con e-child\" data-id=\"4bd23e03\" data-element_type=\"container\" data-e-type=\"container\">\n\t\t\t\t<div class=\"elementor-element elementor-element-5cd8ed2d elementor-widget elementor-widget-image\" data-id=\"5cd8ed2d\" data-element_type=\"widget\" data-e-type=\"widget\" data-widget_type=\"image.default\">\n\t\t\t\t<div class=\"elementor-widget-container\">\n\t\t\t\t\t\t\t\t\t\t\t\t\t\t\t\t<a href=\"https:\/\/www.artmajeur.com\/pictor-mulier\" target=\"_blank\" rel=\"noopener\">\n\t\t\t\t\t\t\t<img decoding=\"async\" width=\"640\" height=\"430\" src=\"https:\/\/pictormulier.com\/wp-content\/uploads\/2025\/01\/reproductions-peintures-pictor-mulier.jpg\" class=\"attachment-large size-large wp-image-1212\" alt=\"Reproductions des peintures de Pictor Mulier\" srcset=\"https:\/\/pictormulier.com\/wp-content\/uploads\/2025\/01\/reproductions-peintures-pictor-mulier.jpg 730w, https:\/\/pictormulier.com\/wp-content\/uploads\/2025\/01\/reproductions-peintures-pictor-mulier-300x201.jpg 300w\" sizes=\"(max-width: 640px) 100vw, 640px\" \/>\t\t\t\t\t\t\t\t<\/a>\n\t\t\t\t\t\t\t\t\t\t\t\t\t\t\t<\/div>\n\t\t\t\t<\/div>\n\t\t\t\t<div class=\"elementor-element elementor-element-2521dc6 elementor-widget elementor-widget-text-editor\" data-id=\"2521dc6\" data-element_type=\"widget\" data-e-type=\"widget\" data-widget_type=\"text-editor.default\">\n\t\t\t\t<div class=\"elementor-widget-container\">\n\t\t\t\t\t\t\t\t\t<p><span style=\"color: #ffffff;\"><a style=\"color: #ffffff;\" href=\"https:\/\/www.artmajeur.com\/pictor-mulier\" target=\"_blank\" rel=\"noopener\">Impressions num\u00e9riques et licences<\/a><\/span><\/p>\t\t\t\t\t\t\t\t<\/div>\n\t\t\t\t<\/div>\n\t\t\t\t<\/div>\n\t\t\t\t<\/div>\n\t\t\t\t\t<\/div>\n\t\t\t\t<\/div>\n\t\t<div class=\"elementor-element elementor-element-b7cd5c e-flex e-con-boxed e-con e-parent\" data-id=\"b7cd5c\" data-element_type=\"container\" data-e-type=\"container\" data-settings=\"{&quot;background_background&quot;:&quot;classic&quot;}\">\n\t\t\t\t\t<div class=\"e-con-inner\">\n\t\t<div class=\"elementor-element elementor-element-219e42d2 e-con-full e-flex e-con e-child\" data-id=\"219e42d2\" data-element_type=\"container\" data-e-type=\"container\">\n\t\t<div class=\"elementor-element elementor-element-4cb3879f e-con-full e-flex e-con e-child\" data-id=\"4cb3879f\" data-element_type=\"container\" data-e-type=\"container\">\n\t\t\t\t<div class=\"elementor-element elementor-element-58382fe8 elementor-widget elementor-widget-image\" data-id=\"58382fe8\" data-element_type=\"widget\" data-e-type=\"widget\" data-widget_type=\"image.default\">\n\t\t\t\t<div class=\"elementor-widget-container\">\n\t\t\t\t\t\t\t\t\t\t\t\t\t\t\t<img loading=\"lazy\" decoding=\"async\" width=\"640\" height=\"853\" src=\"https:\/\/pictormulier.com\/wp-content\/uploads\/2025\/01\/portrait-de-lali-web-768x1024.jpg\" class=\"attachment-large size-large wp-image-1224\" alt=\"Portrait de Lali par Pictor Mulier\" srcset=\"https:\/\/pictormulier.com\/wp-content\/uploads\/2025\/01\/portrait-de-lali-web-768x1024.jpg 768w, https:\/\/pictormulier.com\/wp-content\/uploads\/2025\/01\/portrait-de-lali-web-225x300.jpg 225w, https:\/\/pictormulier.com\/wp-content\/uploads\/2025\/01\/portrait-de-lali-web.jpg 1125w\" sizes=\"(max-width: 640px) 100vw, 640px\" \/>\t\t\t\t\t\t\t\t\t\t\t\t\t\t\t<\/div>\n\t\t\t\t<\/div>\n\t\t\t\t<\/div>\n\t\t<div class=\"elementor-element elementor-element-f3ff2fe e-con-full e-flex e-con e-child\" data-id=\"f3ff2fe\" data-element_type=\"container\" data-e-type=\"container\">\n\t\t\t\t<div class=\"elementor-element elementor-element-b7e95ee elementor-widget elementor-widget-text-editor\" data-id=\"b7e95ee\" data-element_type=\"widget\" data-e-type=\"widget\" data-widget_type=\"text-editor.default\">\n\t\t\t\t<div class=\"elementor-widget-container\">\n\t\t\t\t\t\t\t\t\t<p>Il n\u2019y a rien de plus beau au monde que le corps nu d\u2019une femme.<\/p>\t\t\t\t\t\t\t\t<\/div>\n\t\t\t\t<\/div>\n\t\t\t\t<div class=\"elementor-element elementor-element-7e08fe97 elementor-widget elementor-widget-text-editor\" data-id=\"7e08fe97\" data-element_type=\"widget\" data-e-type=\"widget\" data-widget_type=\"text-editor.default\">\n\t\t\t\t<div class=\"elementor-widget-container\">\n\t\t\t\t\t\t\t\t\t<p><strong>Bonjour, je suis Pictor Mulier, ma peinture est exclusivement d\u00e9di\u00e9e au nu f\u00e9minin.<\/strong><\/p><p>Comme vous pouvez le voir dans ma galerie, j\u2019aborde des th\u00e8mes tr\u00e8s diff\u00e9rents avec pour point commun la nudit\u00e9: portraits, sc\u00e8nes de plage, exhibitionnisme, \u00e9rotisme&#8230; Je peins aussi des commandes priv\u00e9es en toute discr\u00e9tion.<\/p><p><strong>Pictor Mulier<\/strong><br \/><em>Licenci\u00e9 en Beaux-Arts<\/em><\/p>\t\t\t\t\t\t\t\t<\/div>\n\t\t\t\t<\/div>\n\t\t\t\t<\/div>\n\t\t\t\t<\/div>\n\t\t\t\t\t<\/div>\n\t\t\t\t<\/div>\n\t\t<div class=\"elementor-element elementor-element-591a8068 e-flex e-con-boxed e-con e-parent\" data-id=\"591a8068\" data-element_type=\"container\" data-e-type=\"container\" data-settings=\"{&quot;background_background&quot;:&quot;classic&quot;}\">\n\t\t\t\t\t<div class=\"e-con-inner\">\n\t\t<div class=\"elementor-element elementor-element-2768213e e-con-full e-flex e-con e-child\" data-id=\"2768213e\" data-element_type=\"container\" data-e-type=\"container\">\n\t\t\t\t<div class=\"elementor-element elementor-element-3636d380 elementor-widget elementor-widget-text-editor\" data-id=\"3636d380\" data-element_type=\"widget\" data-e-type=\"widget\" data-widget_type=\"text-editor.default\">\n\t\t\t\t<div class=\"elementor-widget-container\">\n\t\t\t\t\t\t\t\t\t<p>EXPOSITIONS<\/p>\t\t\t\t\t\t\t\t<\/div>\n\t\t\t\t<\/div>\n\t\t<div class=\"elementor-element elementor-element-30f25c4f e-con-full e-flex e-con e-child\" data-id=\"30f25c4f\" data-element_type=\"container\" data-e-type=\"container\">\n\t\t\t\t<div class=\"elementor-element elementor-element-1946cd elementor-widget elementor-widget-text-editor\" data-id=\"1946cd\" data-element_type=\"widget\" data-e-type=\"widget\" data-widget_type=\"text-editor.default\">\n\t\t\t\t<div class=\"elementor-widget-container\">\n\t\t\t\t\t\t\t\t\t<p style=\"text-align: left;\">2024. <strong>Desnudas<\/strong>. F\u00e9nix Valencia Liberal<br \/>2020. <strong>Erotismo<\/strong>. Pub Amanecer Parejas (Valencia)<br \/>2016. <strong>Vienna, mi musa pelirroja<\/strong>. Valencia Sex Festival<br \/>2015. <strong>Desnudos y retratos er\u00f3ticos<\/strong>. Sal\u00f3n Er\u00f3tico de Barcelona<\/p>\t\t\t\t\t\t\t\t<\/div>\n\t\t\t\t<\/div>\n\t\t\t\t<div class=\"elementor-element elementor-element-1a5367d2 elementor-widget elementor-widget-text-editor\" data-id=\"1a5367d2\" data-element_type=\"widget\" data-e-type=\"widget\" data-widget_type=\"text-editor.default\">\n\t\t\t\t<div class=\"elementor-widget-container\">\n\t\t\t\t\t\t\t\t\t<p>2014. <strong>Desnudos<\/strong>. Gordon 10 (Valencia)<br \/>2013. <strong>Exhibicionistas y nudistas.<\/strong> Hotel Exus Natur (Gerona)<br \/>2012. <strong>El arte del desnudo.<\/strong> Caf\u00e9 Alameda (Valencia)<br \/><br \/><\/p>\t\t\t\t\t\t\t\t<\/div>\n\t\t\t\t<\/div>\n\t\t\t\t<\/div>\n\t\t\t\t<\/div>\n\t\t\t\t\t<\/div>\n\t\t\t\t<\/div>\n\t\t\t\t<\/div>\n\t\t","protected":false},"excerpt":{"rendered":"<p>Pictor Mulier Un art audacieux pour des esprits libres Acheter des \u0153uvres originales Vous osez ? Commandez votre propre portrait \u00e9rotique Impressions num\u00e9riques et licences Il n\u2019y a rien de plus beau au monde que le corps nu d\u2019une femme. Bonjour, je suis Pictor Mulier, ma peinture est exclusivement d\u00e9di\u00e9e au nu f\u00e9minin. Comme vous [&#8230;]<\/p>\n<p><a class=\"btn btn-secondary understrap-read-more-link\" href=\"https:\/\/pictormulier.com\/fr\/\">Lire la suite\u2026<span class=\"screen-reader-text\"> from accueil<\/span><\/a><\/p>\n","protected":false},"author":1,"featured_media":0,"parent":0,"menu_order":0,"comment_status":"closed","ping_status":"closed","template":"elementor_header_footer","meta":{"footnotes":""},"class_list":["post-594","page","type-page","status-publish","hentry"],"_links":{"self":[{"href":"https:\/\/pictormulier.com\/fr\/wp-json\/wp\/v2\/pages\/594","targetHints":{"allow":["GET"]}}],"collection":[{"href":"https:\/\/pictormulier.com\/fr\/wp-json\/wp\/v2\/pages"}],"about":[{"href":"https:\/\/pictormulier.com\/fr\/wp-json\/wp\/v2\/types\/page"}],"author":[{"embeddable":true,"href":"https:\/\/pictormulier.com\/fr\/wp-json\/wp\/v2\/users\/1"}],"replies":[{"embeddable":true,"href":"https:\/\/pictormulier.com\/fr\/wp-json\/wp\/v2\/comments?post=594"}],"version-history":[{"count":58,"href":"https:\/\/pictormulier.com\/fr\/wp-json\/wp\/v2\/pages\/594\/revisions"}],"predecessor-version":[{"id":4096,"href":"https:\/\/pictormulier.com\/fr\/wp-json\/wp\/v2\/pages\/594\/revisions\/4096"}],"wp:attachment":[{"href":"https:\/\/pictormulier.com\/fr\/wp-json\/wp\/v2\/media?parent=594"}],"curies":[{"name":"wp","href":"https:\/\/api.w.org\/{rel}","templated":true}]}}