{"id":3969,"date":"2025-07-27T09:24:39","date_gmt":"2025-07-27T07:24:39","guid":{"rendered":"https:\/\/pictormulier.com\/?page_id=3969"},"modified":"2025-12-24T18:53:45","modified_gmt":"2025-12-24T17:53:45","slug":"presentation-artiste","status":"publish","type":"page","link":"https:\/\/pictormulier.com\/fr\/presentation-artiste\/","title":{"rendered":"T\u00e9l\u00e9charge le dossier artistique de Pictor Mulier"},"content":{"rendered":"\t\t<div data-elementor-type=\"wp-post\" data-elementor-id=\"3969\" class=\"elementor elementor-3969 elementor-3957\">\n\t\t\t\t<div class=\"elementor-element elementor-element-10e8f59 e-flex e-con-boxed e-con e-parent\" data-id=\"10e8f59\" data-element_type=\"container\" data-e-type=\"container\" data-settings=\"{&quot;background_background&quot;:&quot;classic&quot;}\">\n\t\t\t\t\t<div class=\"e-con-inner\">\n\t\t<div class=\"elementor-element elementor-element-8500041 e-con-full e-flex e-con e-child\" data-id=\"8500041\" data-element_type=\"container\" data-e-type=\"container\">\n\t\t\t\t<div class=\"elementor-element elementor-element-3a93c01 elementor-widget elementor-widget-heading\" data-id=\"3a93c01\" data-element_type=\"widget\" data-e-type=\"widget\" data-widget_type=\"heading.default\">\n\t\t\t\t<div class=\"elementor-widget-container\">\n\t\t\t\t\t<h1 class=\"elementor-heading-title elementor-size-default\">Oses-tu d\u00e9sirer \u00e0 visage d\u00e9couvert ?<\/h1>\t\t\t\t<\/div>\n\t\t\t\t<\/div>\n\t\t\t\t<div class=\"elementor-element elementor-element-60df228 elementor-widget elementor-widget-text-editor\" data-id=\"60df228\" data-element_type=\"widget\" data-e-type=\"widget\" data-widget_type=\"text-editor.default\">\n\t\t\t\t<div class=\"elementor-widget-container\">\n\t\t\t\t\t\t\t\t\t<h4>Pourquoi je peins des nus \u00e9rotiques au lieu de paysages ?<br \/>Quelles sont mes motivations artistiques ?<br \/>Pourquoi mes muses revendiquent leur nudit\u00e9 avec fiert\u00e9 ?<\/h4>\t\t\t\t\t\t\t\t<\/div>\n\t\t\t\t<\/div>\n\t\t\t\t<div class=\"elementor-element elementor-element-8ba4132 elementor-widget elementor-widget-text-editor\" data-id=\"8ba4132\" data-element_type=\"widget\" data-e-type=\"widget\" data-widget_type=\"text-editor.default\">\n\t\t\t\t<div class=\"elementor-widget-container\">\n\t\t\t\t\t\t\t\t\t<h5>Envoie-moi ce formulaire et tu recevras un email avec le lien de t\u00e9l\u00e9chargement de ma pr\u00e9sentation en PDF pour entrer dans un univers o\u00f9 la pudeur n\u2019a pas sa place et o\u00f9 la libert\u00e9 orne les murs.<\/h5>\t\t\t\t\t\t\t\t<\/div>\n\t\t\t\t<\/div>\n\t\t\t\t<div class=\"elementor-element elementor-element-b1ea03e elementor-widget elementor-widget-text-editor\" data-id=\"b1ea03e\" data-element_type=\"widget\" data-e-type=\"widget\" data-widget_type=\"text-editor.default\">\n\t\t\t\t<div class=\"elementor-widget-container\">\n\t\t\t\t\t\t\t\t\t<script charset=\"utf-8\" type=\"text\/javascript\" src=\"\/\/js-eu1.hsforms.net\/forms\/embed\/v2.js\"><\/script>\n<script>\n  hbspt.forms.create({\n    portalId: \"26655451\",\n    formId: \"ef361bc0-d78a-42a1-a7a5-86dbfec7cd96\",\n    region: \"eu1\"\n  });\n<\/script>\t\t\t\t\t\t\t\t<\/div>\n\t\t\t\t<\/div>\n\t\t\t\t<\/div>\n\t\t<div class=\"elementor-element elementor-element-55184ab e-con-full e-flex e-con e-child\" data-id=\"55184ab\" data-element_type=\"container\" data-e-type=\"container\">\n\t\t\t\t<div class=\"elementor-element elementor-element-37026c8 elementor-widget elementor-widget-image\" data-id=\"37026c8\" data-element_type=\"widget\" data-e-type=\"widget\" data-widget_type=\"image.default\">\n\t\t\t\t<div class=\"elementor-widget-container\">\n\t\t\t\t\t\t\t\t\t\t\t\t\t\t\t<img decoding=\"async\" src=\"https:\/\/pictormulier.com\/wp-content\/uploads\/2025\/07\/presentacion-pictor-mulier-fr-baja-1.jpg\" title=\"presentacion-pictor-mulier-fr-baja-1\" alt=\"Dossier de pr\u00e9sentation de Pictor Mulier\" loading=\"lazy\" \/>\t\t\t\t\t\t\t\t\t\t\t\t\t\t\t<\/div>\n\t\t\t\t<\/div>\n\t\t\t\t<\/div>\n\t\t\t\t\t<\/div>\n\t\t\t\t<\/div>\n\t\t\t\t<\/div>\n\t\t","protected":false},"excerpt":{"rendered":"<p>Oses-tu d\u00e9sirer \u00e0 visage d\u00e9couvert ? Pourquoi je peins des nus \u00e9rotiques au lieu de paysages ?Quelles sont mes motivations artistiques ?Pourquoi mes muses revendiquent leur nudit\u00e9 avec fiert\u00e9 ? Envoie-moi ce formulaire et tu recevras un email avec le lien de t\u00e9l\u00e9chargement de ma pr\u00e9sentation en PDF pour entrer dans un univers o\u00f9 la [&#8230;]<\/p>\n<p><a class=\"btn btn-secondary understrap-read-more-link\" href=\"https:\/\/pictormulier.com\/fr\/presentation-artiste\/\">Lire la suite\u2026<span class=\"screen-reader-text\"> from T\u00e9l\u00e9charge le dossier artistique de Pictor Mulier<\/span><\/a><\/p>\n","protected":false},"author":1,"featured_media":0,"parent":0,"menu_order":0,"comment_status":"closed","ping_status":"closed","template":"elementor_header_footer","meta":{"footnotes":""},"class_list":["post-3969","page","type-page","status-publish","hentry"],"_links":{"self":[{"href":"https:\/\/pictormulier.com\/fr\/wp-json\/wp\/v2\/pages\/3969","targetHints":{"allow":["GET"]}}],"collection":[{"href":"https:\/\/pictormulier.com\/fr\/wp-json\/wp\/v2\/pages"}],"about":[{"href":"https:\/\/pictormulier.com\/fr\/wp-json\/wp\/v2\/types\/page"}],"author":[{"embeddable":true,"href":"https:\/\/pictormulier.com\/fr\/wp-json\/wp\/v2\/users\/1"}],"replies":[{"embeddable":true,"href":"https:\/\/pictormulier.com\/fr\/wp-json\/wp\/v2\/comments?post=3969"}],"version-history":[{"count":4,"href":"https:\/\/pictormulier.com\/fr\/wp-json\/wp\/v2\/pages\/3969\/revisions"}],"predecessor-version":[{"id":3973,"href":"https:\/\/pictormulier.com\/fr\/wp-json\/wp\/v2\/pages\/3969\/revisions\/3973"}],"wp:attachment":[{"href":"https:\/\/pictormulier.com\/fr\/wp-json\/wp\/v2\/media?parent=3969"}],"curies":[{"name":"wp","href":"https:\/\/api.w.org\/{rel}","templated":true}]}}