{"id":3929,"date":"2025-07-27T08:54:00","date_gmt":"2025-07-27T06:54:00","guid":{"rendered":"https:\/\/pictormulier.com\/?page_id=3929"},"modified":"2025-07-27T09:10:05","modified_gmt":"2025-07-27T07:10:05","slug":"fr-typ-dossier","status":"publish","type":"page","link":"https:\/\/pictormulier.com\/fr\/fr-typ-dossier\/","title":{"rendered":"FR typ dossier"},"content":{"rendered":"\t\t<div data-elementor-type=\"wp-post\" data-elementor-id=\"3929\" class=\"elementor elementor-3929 elementor-3927\">\n\t\t\t\t<div class=\"elementor-element elementor-element-10e8f59 e-flex e-con-boxed e-con e-parent\" data-id=\"10e8f59\" data-element_type=\"container\" data-e-type=\"container\" data-settings=\"{&quot;background_background&quot;:&quot;classic&quot;}\">\n\t\t\t\t\t<div class=\"e-con-inner\">\n\t\t<div class=\"elementor-element elementor-element-8500041 e-con-full e-flex e-con e-child\" data-id=\"8500041\" data-element_type=\"container\" data-e-type=\"container\">\n\t\t\t\t<div class=\"elementor-element elementor-element-3a93c01 elementor-widget elementor-widget-heading\" data-id=\"3a93c01\" data-element_type=\"widget\" data-e-type=\"widget\" data-widget_type=\"heading.default\">\n\t\t\t\t<div class=\"elementor-widget-container\">\n\t\t\t\t\t<h2 class=\"elementor-heading-title elementor-size-default\">Merci d\u2019avoir t\u00e9l\u00e9charg\u00e9 ma pr\u00e9sentation !<\/h2>\t\t\t\t<\/div>\n\t\t\t\t<\/div>\n\t\t\t\t<div class=\"elementor-element elementor-element-9dcfdd4 elementor-widget elementor-widget-text-editor\" data-id=\"9dcfdd4\" data-element_type=\"widget\" data-e-type=\"widget\" data-widget_type=\"text-editor.default\">\n\t\t\t\t<div class=\"elementor-widget-container\">\n\t\t\t\t\t\t\t\t\t<h3>Je vous ai envoy\u00e9 un e-mail avec le lien de t\u00e9l\u00e9chargement de ma pr\u00e9sentation au format PDF.<\/h3><p>Profitez-en ! Si vous ne le voyez pas d&rsquo;ici quelques minutes, v\u00e9rifiez votre dossier de courrier ind\u00e9sirable.<\/p>\t\t\t\t\t\t\t\t<\/div>\n\t\t\t\t<\/div>\n\t\t\t\t<\/div>\n\t\t<div class=\"elementor-element elementor-element-55184ab e-con-full e-flex e-con e-child\" data-id=\"55184ab\" data-element_type=\"container\" data-e-type=\"container\">\n\t\t\t\t<div class=\"elementor-element elementor-element-37026c8 elementor-widget elementor-widget-image\" data-id=\"37026c8\" data-element_type=\"widget\" data-e-type=\"widget\" data-widget_type=\"image.default\">\n\t\t\t\t<div class=\"elementor-widget-container\">\n\t\t\t\t\t\t\t\t\t\t\t\t\t\t\t<img fetchpriority=\"high\" decoding=\"async\" width=\"595\" height=\"842\" src=\"https:\/\/pictormulier.com\/wp-content\/uploads\/2025\/07\/presentacion-pictor-mulier-fr-baja-1.jpg\" class=\"attachment-large size-large wp-image-3935\" alt=\"Dossier de pr\u00e9sentation de Pictor Mulier\" srcset=\"https:\/\/pictormulier.com\/wp-content\/uploads\/2025\/07\/presentacion-pictor-mulier-fr-baja-1.jpg 595w, https:\/\/pictormulier.com\/wp-content\/uploads\/2025\/07\/presentacion-pictor-mulier-fr-baja-1-212x300.jpg 212w\" sizes=\"(max-width: 595px) 100vw, 595px\" \/>\t\t\t\t\t\t\t\t\t\t\t\t\t\t\t<\/div>\n\t\t\t\t<\/div>\n\t\t\t\t<\/div>\n\t\t\t\t\t<\/div>\n\t\t\t\t<\/div>\n\t\t\t\t<\/div>\n\t\t","protected":false},"excerpt":{"rendered":"<p>Merci d\u2019avoir t\u00e9l\u00e9charg\u00e9 ma pr\u00e9sentation ! Je vous ai envoy\u00e9 un e-mail avec le lien de t\u00e9l\u00e9chargement de ma pr\u00e9sentation au format PDF. Profitez-en ! Si vous ne le voyez pas d&rsquo;ici quelques minutes, v\u00e9rifiez votre dossier de courrier ind\u00e9sirable. [&#8230;]<\/p>\n<p><a class=\"btn btn-secondary understrap-read-more-link\" href=\"https:\/\/pictormulier.com\/fr\/fr-typ-dossier\/\">Lire la suite\u2026<span class=\"screen-reader-text\"> from FR typ dossier<\/span><\/a><\/p>\n","protected":false},"author":1,"featured_media":0,"parent":0,"menu_order":0,"comment_status":"closed","ping_status":"closed","template":"elementor_header_footer","meta":{"footnotes":""},"class_list":["post-3929","page","type-page","status-publish","hentry"],"_links":{"self":[{"href":"https:\/\/pictormulier.com\/fr\/wp-json\/wp\/v2\/pages\/3929","targetHints":{"allow":["GET"]}}],"collection":[{"href":"https:\/\/pictormulier.com\/fr\/wp-json\/wp\/v2\/pages"}],"about":[{"href":"https:\/\/pictormulier.com\/fr\/wp-json\/wp\/v2\/types\/page"}],"author":[{"embeddable":true,"href":"https:\/\/pictormulier.com\/fr\/wp-json\/wp\/v2\/users\/1"}],"replies":[{"embeddable":true,"href":"https:\/\/pictormulier.com\/fr\/wp-json\/wp\/v2\/comments?post=3929"}],"version-history":[{"count":5,"href":"https:\/\/pictormulier.com\/fr\/wp-json\/wp\/v2\/pages\/3929\/revisions"}],"predecessor-version":[{"id":3956,"href":"https:\/\/pictormulier.com\/fr\/wp-json\/wp\/v2\/pages\/3929\/revisions\/3956"}],"wp:attachment":[{"href":"https:\/\/pictormulier.com\/fr\/wp-json\/wp\/v2\/media?parent=3929"}],"curies":[{"name":"wp","href":"https:\/\/api.w.org\/{rel}","templated":true}]}}