{"id":3546,"date":"2025-02-16T07:02:11","date_gmt":"2025-02-16T06:02:11","guid":{"rendered":"https:\/\/pictormulier.com\/?page_id=3546"},"modified":"2025-02-16T07:02:11","modified_gmt":"2025-02-16T06:02:11","slug":"jai-bien-recu-votre-demande-2","status":"publish","type":"page","link":"https:\/\/pictormulier.com\/fr\/jai-bien-recu-votre-demande-2\/","title":{"rendered":"J&rsquo;ai bien re\u00e7u votre demande"},"content":{"rendered":"\t\t<div data-elementor-type=\"wp-post\" data-elementor-id=\"3546\" class=\"elementor elementor-3546 elementor-3544\">\n\t\t\t\t<div class=\"elementor-element elementor-element-10e8f59 e-flex e-con-boxed e-con e-parent\" data-id=\"10e8f59\" data-element_type=\"container\" data-e-type=\"container\" data-settings=\"{&quot;background_background&quot;:&quot;classic&quot;}\">\n\t\t\t\t\t<div class=\"e-con-inner\">\n\t\t<div class=\"elementor-element elementor-element-8500041 e-con-full e-flex e-con e-child\" data-id=\"8500041\" data-element_type=\"container\" data-e-type=\"container\">\n\t\t\t\t<div class=\"elementor-element elementor-element-3a93c01 elementor-widget elementor-widget-heading\" data-id=\"3a93c01\" data-element_type=\"widget\" data-e-type=\"widget\" data-widget_type=\"heading.default\">\n\t\t\t\t<div class=\"elementor-widget-container\">\n\t\t\t\t\t<h2 class=\"elementor-heading-title elementor-size-default\">J'ai bien re\u00e7u votre demande<\/h2>\t\t\t\t<\/div>\n\t\t\t\t<\/div>\n\t\t\t\t<div class=\"elementor-element elementor-element-9dcfdd4 elementor-widget elementor-widget-text-editor\" data-id=\"9dcfdd4\" data-element_type=\"widget\" data-e-type=\"widget\" data-widget_type=\"text-editor.default\">\n\t\t\t\t<div class=\"elementor-widget-container\">\n\t\t\t\t\t\t\t\t\t<h2>Je vous r\u00e9pondrai d\u00e8s que possible.<br \/>En attendant, continuez \u00e0 profiter de mes peintures \u00e9rotiques.<\/h2>\t\t\t\t\t\t\t\t<\/div>\n\t\t\t\t<\/div>\n\t\t\t\t<\/div>\n\t\t<div class=\"elementor-element elementor-element-55184ab e-con-full e-flex e-con e-child\" data-id=\"55184ab\" data-element_type=\"container\" data-e-type=\"container\">\n\t\t\t\t<div class=\"elementor-element elementor-element-37026c8 elementor-widget elementor-widget-image\" data-id=\"37026c8\" data-element_type=\"widget\" data-e-type=\"widget\" data-widget_type=\"image.default\">\n\t\t\t\t<div class=\"elementor-widget-container\">\n\t\t\t\t\t\t\t\t\t\t\t\t\t\t\t<img fetchpriority=\"high\" decoding=\"async\" width=\"640\" height=\"894\" src=\"https:\/\/pictormulier.com\/wp-content\/uploads\/2025\/01\/jessie-relaxed-and-naked-web-733x1024.jpg\" class=\"attachment-large size-large wp-image-1512\" alt=\"\" srcset=\"https:\/\/pictormulier.com\/wp-content\/uploads\/2025\/01\/jessie-relaxed-and-naked-web-733x1024.jpg 733w, https:\/\/pictormulier.com\/wp-content\/uploads\/2025\/01\/jessie-relaxed-and-naked-web-215x300.jpg 215w, https:\/\/pictormulier.com\/wp-content\/uploads\/2025\/01\/jessie-relaxed-and-naked-web-768x1073.jpg 768w, https:\/\/pictormulier.com\/wp-content\/uploads\/2025\/01\/jessie-relaxed-and-naked-web.jpg 1074w\" sizes=\"(max-width: 640px) 100vw, 640px\" \/>\t\t\t\t\t\t\t\t\t\t\t\t\t\t\t<\/div>\n\t\t\t\t<\/div>\n\t\t\t\t<\/div>\n\t\t\t\t\t<\/div>\n\t\t\t\t<\/div>\n\t\t\t\t<\/div>\n\t\t","protected":false},"excerpt":{"rendered":"<p>J&rsquo;ai bien re\u00e7u votre demande Je vous r\u00e9pondrai d\u00e8s que possible.En attendant, continuez \u00e0 profiter de mes peintures \u00e9rotiques. [&#8230;]<\/p>\n<p><a class=\"btn btn-secondary understrap-read-more-link\" href=\"https:\/\/pictormulier.com\/fr\/jai-bien-recu-votre-demande-2\/\">Lire la suite\u2026<span class=\"screen-reader-text\"> from J&rsquo;ai bien re\u00e7u votre demande<\/span><\/a><\/p>\n","protected":false},"author":1,"featured_media":0,"parent":0,"menu_order":0,"comment_status":"closed","ping_status":"closed","template":"elementor_header_footer","meta":{"footnotes":""},"class_list":["post-3546","page","type-page","status-publish","hentry"],"_links":{"self":[{"href":"https:\/\/pictormulier.com\/fr\/wp-json\/wp\/v2\/pages\/3546","targetHints":{"allow":["GET"]}}],"collection":[{"href":"https:\/\/pictormulier.com\/fr\/wp-json\/wp\/v2\/pages"}],"about":[{"href":"https:\/\/pictormulier.com\/fr\/wp-json\/wp\/v2\/types\/page"}],"author":[{"embeddable":true,"href":"https:\/\/pictormulier.com\/fr\/wp-json\/wp\/v2\/users\/1"}],"replies":[{"embeddable":true,"href":"https:\/\/pictormulier.com\/fr\/wp-json\/wp\/v2\/comments?post=3546"}],"version-history":[{"count":1,"href":"https:\/\/pictormulier.com\/fr\/wp-json\/wp\/v2\/pages\/3546\/revisions"}],"predecessor-version":[{"id":3548,"href":"https:\/\/pictormulier.com\/fr\/wp-json\/wp\/v2\/pages\/3546\/revisions\/3548"}],"wp:attachment":[{"href":"https:\/\/pictormulier.com\/fr\/wp-json\/wp\/v2\/media?parent=3546"}],"curies":[{"name":"wp","href":"https:\/\/api.w.org\/{rel}","templated":true}]}}