{"id":3413,"date":"2025-01-13T12:26:56","date_gmt":"2025-01-13T11:26:56","guid":{"rendered":"https:\/\/developlaclave.es\/develop\/pictormulier\/?page_id=3413"},"modified":"2025-12-25T09:56:56","modified_gmt":"2025-12-25T08:56:56","slug":"muses","status":"publish","type":"page","link":"https:\/\/pictormulier.com\/fr\/muses\/","title":{"rendered":"Muses FR"},"content":{"rendered":"\t\t<div data-elementor-type=\"wp-post\" data-elementor-id=\"3413\" class=\"elementor elementor-3413 elementor-531\">\n\t\t\t\t<div class=\"elementor-element elementor-element-10e8f59 e-flex e-con-boxed e-con e-parent\" data-id=\"10e8f59\" data-element_type=\"container\" data-e-type=\"container\" data-settings=\"{&quot;background_background&quot;:&quot;classic&quot;}\">\n\t\t\t\t\t<div class=\"e-con-inner\">\n\t\t\t\t<div class=\"elementor-element elementor-element-f4e52b8 elementor-widget elementor-widget-heading\" data-id=\"f4e52b8\" data-element_type=\"widget\" data-e-type=\"widget\" data-widget_type=\"heading.default\">\n\t\t\t\t<div class=\"elementor-widget-container\">\n\t\t\t\t\t<h1 class=\"elementor-heading-title elementor-size-default\">Les Muses de Pictor Mulier : beaut\u00e9, \u00e9rotisme et art sans censure<\/h1>\t\t\t\t<\/div>\n\t\t\t\t<\/div>\n\t\t\t\t<div class=\"elementor-element elementor-element-967c12d elementor-widget elementor-widget-heading\" data-id=\"967c12d\" data-element_type=\"widget\" data-e-type=\"widget\" data-widget_type=\"heading.default\">\n\t\t\t\t<div class=\"elementor-widget-container\">\n\t\t\t\t\t<h2 class=\"elementor-heading-title elementor-size-default\">Des femmes qui d\u00e9fient les tabous et deviennent de l\u2019art  <\/h2>\t\t\t\t<\/div>\n\t\t\t\t<\/div>\n\t\t\t\t<div class=\"elementor-element elementor-element-291019a elementor-widget elementor-widget-text-editor\" data-id=\"291019a\" data-element_type=\"widget\" data-e-type=\"widget\" data-widget_type=\"text-editor.default\">\n\t\t\t\t<div class=\"elementor-widget-container\">\n\t\t\t\t\t\t\t\t\t<p>De la Gr\u00e8ce antique aux ateliers des grands ma\u00eetres, l\u2019art a toujours rendu hommage \u00e0 la beaut\u00e9 f\u00e9minine. Dans l\u2019\u0153uvre de Pictor Mulier, ses muses ne sont pas de simples mod\u00e8les, mais des femmes qui repoussent les limites, c\u00e9l\u00e8brent leur sensualit\u00e9 et deviennent des ic\u00f4nes de la libert\u00e9 \u00e9rotique.<\/p><p>Chacune est unique : des regards envo\u00fbtants, des sourires s\u00e9ducteurs et des corps qui racontent des histoires sans mots. Beata Blue, Bikini Wife, Brandi Love, Doux, Femme du Soir, Jessie, Nota Mu, Rosa et Vienna ont pos\u00e9 fi\u00e8rement devant la toile, assumant pleinement le pouvoir de leur nudit\u00e9 et exprimant leur essence sans peur ni pr\u00e9jug\u00e9s.<\/p><p>L\u2019art \u00e9rotique de Pictor Mulier n\u2019est pas une simple repr\u00e9sentation du d\u00e9sir, mais une revendication du plaisir visuel, de l\u2019expression de soi et de la transgression des conventions sociales. Chaque coup de pinceau est un hommage \u00e0 l\u2019authenticit\u00e9, \u00e0 l\u2019\u00e9rotisme raffin\u00e9 et \u00e0 la force des femmes qui choisissent de se d\u00e9v\u00eatir, non seulement de leurs v\u00eatements, mais aussi des normes impos\u00e9es.<\/p><p>\u00catre muse, c\u2019est bien plus que poser : c\u2019est devenir une part d\u2019une histoire visuelle de sensualit\u00e9 et d\u2019art, un instant immortalis\u00e9 dans la peinture o\u00f9 la lumi\u00e8re effleure la peau et o\u00f9 le regard devient le v\u00e9ritable point focal. \u00c0 travers ces portraits, le spectateur est invit\u00e9 \u00e0 plonger dans un monde de beaut\u00e9 sans censure, o\u00f9 la complicit\u00e9 entre mod\u00e8le et artiste donne naissance \u00e0 des \u0153uvres qui traversent le temps.<\/p><p style=\"text-align: center;\"><strong>Explorez cette galerie de muses et d\u00e9couvrez l\u2019art de la s\u00e9duction sous sa forme la plus pure.<\/strong><\/p>\t\t\t\t\t\t\t\t<\/div>\n\t\t\t\t<\/div>\n\t\t\t\t\t<\/div>\n\t\t\t\t<\/div>\n\t\t<div class=\"elementor-element elementor-element-9bf990a e-grid e-con-boxed e-con e-parent\" data-id=\"9bf990a\" data-element_type=\"container\" data-e-type=\"container\">\n\t\t\t\t\t<div class=\"e-con-inner\">\n\t\t<div class=\"elementor-element elementor-element-484e2ab e-con-full e-flex e-con e-child\" data-id=\"484e2ab\" data-element_type=\"container\" data-e-type=\"container\">\n\t\t\t\t<div class=\"elementor-element elementor-element-43e743b elementor-widget elementor-widget-image\" data-id=\"43e743b\" data-element_type=\"widget\" data-e-type=\"widget\" data-widget_type=\"image.default\">\n\t\t\t\t<div class=\"elementor-widget-container\">\n\t\t\t\t\t\t\t\t\t\t\t\t\t\t\t\t<a href=\"https:\/\/developlaclave.es\/develop\/pictormulier\/fr\/muses\/portraits-erotiques-beata-blue\/\" target=\"_blank\" rel=\"noopener\">\n\t\t\t\t\t\t\t<img decoding=\"async\" src=\"https:\/\/pictormulier.com\/wp-content\/uploads\/elementor\/thumbs\/beata-s-spanish-feeling-web-r0ewyd7pan5clsuf3zfh36006fufg48zzkdrf54pso.jpg\" title=\"beata-s-spanish-feeling-web\" alt=\"beata-s-spanish-feeling-web\" loading=\"lazy\" \/>\t\t\t\t\t\t\t\t<\/a>\n\t\t\t\t\t\t\t\t\t\t\t\t\t\t\t<\/div>\n\t\t\t\t<\/div>\n\t\t\t\t<div class=\"elementor-element elementor-element-9a7cfdf elementor-widget elementor-widget-text-editor\" data-id=\"9a7cfdf\" data-element_type=\"widget\" data-e-type=\"widget\" data-widget_type=\"text-editor.default\">\n\t\t\t\t<div class=\"elementor-widget-container\">\n\t\t\t\t\t\t\t\t\t<p style=\"text-align: center;\"><a href=\"https:\/\/developlaclave.es\/develop\/pictormulier\/fr\/muses\/portraits-erotiques-beata-blue\/\" target=\"_blank\" rel=\"noopener\"><strong>Beata Blue<\/strong><\/a><\/p>\t\t\t\t\t\t\t\t<\/div>\n\t\t\t\t<\/div>\n\t\t\t\t<\/div>\n\t\t<div class=\"elementor-element elementor-element-878823a e-con-full e-flex e-con e-child\" data-id=\"878823a\" data-element_type=\"container\" data-e-type=\"container\">\n\t\t\t\t<div class=\"elementor-element elementor-element-29ff70f elementor-widget elementor-widget-image\" data-id=\"29ff70f\" data-element_type=\"widget\" data-e-type=\"widget\" data-widget_type=\"image.default\">\n\t\t\t\t<div class=\"elementor-widget-container\">\n\t\t\t\t\t\t\t\t\t\t\t\t\t\t\t\t<a href=\"https:\/\/developlaclave.es\/develop\/pictormulier\/fr\/muses\/peintures-bikini-wife-nue\/\" target=\"_blank\" rel=\"noopener\">\n\t\t\t\t\t\t\t<img decoding=\"async\" src=\"https:\/\/pictormulier.com\/wp-content\/uploads\/elementor\/thumbs\/portrait-of-taylor-s-pleasure-pictor-mulier-r0ew8ftys5nmd0i7i9yxt7jaatmy4objf8klvdknfc.jpg\" title=\"portrait-of-taylor-s-pleasure-pictor-mulier\" alt=\"portrait-of-taylor-s-pleasure-pictor-mulier\" loading=\"lazy\" \/>\t\t\t\t\t\t\t\t<\/a>\n\t\t\t\t\t\t\t\t\t\t\t\t\t\t\t<\/div>\n\t\t\t\t<\/div>\n\t\t\t\t<div class=\"elementor-element elementor-element-cdaa5e5 elementor-widget elementor-widget-text-editor\" data-id=\"cdaa5e5\" data-element_type=\"widget\" data-e-type=\"widget\" data-widget_type=\"text-editor.default\">\n\t\t\t\t<div class=\"elementor-widget-container\">\n\t\t\t\t\t\t\t\t\t<p class=\"elementor-heading-title elementor-size-default\" style=\"text-align: center;\"><a href=\"https:\/\/developlaclave.es\/develop\/pictormulier\/fr\/muses\/peintures-bikini-wife-nue\/\" target=\"_blank\" rel=\"noopener\"><strong>Bikini Wife<\/strong><\/a><\/p>\t\t\t\t\t\t\t\t<\/div>\n\t\t\t\t<\/div>\n\t\t\t\t<\/div>\n\t\t<div class=\"elementor-element elementor-element-80fadaf e-con-full e-flex e-con e-child\" data-id=\"80fadaf\" data-element_type=\"container\" data-e-type=\"container\">\n\t\t\t\t<div class=\"elementor-element elementor-element-27278e1 elementor-widget elementor-widget-image\" data-id=\"27278e1\" data-element_type=\"widget\" data-e-type=\"widget\" data-widget_type=\"image.default\">\n\t\t\t\t<div class=\"elementor-widget-container\">\n\t\t\t\t\t\t\t\t\t\t\t\t\t\t\t\t<a href=\"https:\/\/developlaclave.es\/develop\/pictormulier\/fr\/muses\/brandi-love-muse-du-peintre-pictor-mulier\/\" target=\"_blank\" rel=\"noopener\">\n\t\t\t\t\t\t\t<img decoding=\"async\" src=\"https:\/\/pictormulier.com\/wp-content\/uploads\/elementor\/thumbs\/brandi-love-cradling-her-teddy-bear-web-r0ja6ai5t75px7hl4in10wk2nqsogdrbhlc24h3r14.jpg\" title=\"brandi-love-cradling-her-teddy-bear-web\" alt=\"brandi-love-cradling-her-teddy-bear-web\" loading=\"lazy\" \/>\t\t\t\t\t\t\t\t<\/a>\n\t\t\t\t\t\t\t\t\t\t\t\t\t\t\t<\/div>\n\t\t\t\t<\/div>\n\t\t\t\t<div class=\"elementor-element elementor-element-1e26500 elementor-widget elementor-widget-text-editor\" data-id=\"1e26500\" data-element_type=\"widget\" data-e-type=\"widget\" data-widget_type=\"text-editor.default\">\n\t\t\t\t<div class=\"elementor-widget-container\">\n\t\t\t\t\t\t\t\t\t<p class=\"elementor-heading-title elementor-size-default\" style=\"text-align: center;\"><a href=\"https:\/\/developlaclave.es\/develop\/pictormulier\/fr\/muses\/brandi-love-muse-du-peintre-pictor-mulier\/\" target=\"_blank\" rel=\"noopener\"><strong>Brandi Love<\/strong><\/a><\/p><p style=\"text-align: center;\">\u00a0<\/p>\t\t\t\t\t\t\t\t<\/div>\n\t\t\t\t<\/div>\n\t\t\t\t<\/div>\n\t\t<div class=\"elementor-element elementor-element-ce74184 e-con-full e-flex e-con e-child\" data-id=\"ce74184\" data-element_type=\"container\" data-e-type=\"container\">\n\t\t\t\t<div class=\"elementor-element elementor-element-9e258ef elementor-widget elementor-widget-image\" data-id=\"9e258ef\" data-element_type=\"widget\" data-e-type=\"widget\" data-widget_type=\"image.default\">\n\t\t\t\t<div class=\"elementor-widget-container\">\n\t\t\t\t\t\t\t\t\t\t\t\t\t\t\t\t<a href=\"https:\/\/developlaclave.es\/develop\/pictormulier\/fr\/muses\/tableaux-erotiques-doux\/\" target=\"_blank\" rel=\"noopener\">\n\t\t\t\t\t\t\t<img decoding=\"async\" src=\"https:\/\/pictormulier.com\/wp-content\/uploads\/elementor\/thumbs\/meduse-web-1-r0exckjwkilc1o7o64girkyrc1u3rgmz9v9who2jrs.jpg\" title=\"M\u00e9duse\" alt=\"M\u00e9duse par Pictor Mulier\" loading=\"lazy\" \/>\t\t\t\t\t\t\t\t<\/a>\n\t\t\t\t\t\t\t\t\t\t\t\t\t\t\t<\/div>\n\t\t\t\t<\/div>\n\t\t\t\t<div class=\"elementor-element elementor-element-b4e0c49 elementor-widget elementor-widget-text-editor\" data-id=\"b4e0c49\" data-element_type=\"widget\" data-e-type=\"widget\" data-widget_type=\"text-editor.default\">\n\t\t\t\t<div class=\"elementor-widget-container\">\n\t\t\t\t\t\t\t\t\t<p style=\"text-align: center;\"><a href=\"https:\/\/developlaclave.es\/develop\/pictormulier\/fr\/muses\/tableaux-erotiques-doux\/\" target=\"_blank\" rel=\"noopener\"><strong>Doux<\/strong><\/a><\/p>\t\t\t\t\t\t\t\t<\/div>\n\t\t\t\t<\/div>\n\t\t\t\t<\/div>\n\t\t<div class=\"elementor-element elementor-element-ed8f2c4 e-con-full e-flex e-con e-child\" data-id=\"ed8f2c4\" data-element_type=\"container\" data-e-type=\"container\">\n\t\t\t\t<div class=\"elementor-element elementor-element-23d6d0c elementor-widget elementor-widget-image\" data-id=\"23d6d0c\" data-element_type=\"widget\" data-e-type=\"widget\" data-widget_type=\"image.default\">\n\t\t\t\t<div class=\"elementor-widget-container\">\n\t\t\t\t\t\t\t\t\t\t\t\t\t\t\t\t<a href=\"https:\/\/developlaclave.es\/develop\/pictormulier\/fr\/muses\/portraits-erotiques-femme-du-soir\/\" target=\"_blank\" rel=\"noopener\">\n\t\t\t\t\t\t\t<img decoding=\"async\" src=\"https:\/\/pictormulier.com\/wp-content\/uploads\/elementor\/thumbs\/la-femme-relaxing-web-1-1-r0exbx1xtnp5zf5szcauj8w8hf1xf11oumyrhr1e3c.jpg\" title=\"La Femme relaxing\" alt=\"40x60 cm\" loading=\"lazy\" \/>\t\t\t\t\t\t\t\t<\/a>\n\t\t\t\t\t\t\t\t\t\t\t\t\t\t\t<\/div>\n\t\t\t\t<\/div>\n\t\t\t\t<div class=\"elementor-element elementor-element-5b6bcd0 elementor-widget elementor-widget-text-editor\" data-id=\"5b6bcd0\" data-element_type=\"widget\" data-e-type=\"widget\" data-widget_type=\"text-editor.default\">\n\t\t\t\t<div class=\"elementor-widget-container\">\n\t\t\t\t\t\t\t\t\t<p style=\"text-align: center;\"><a href=\"https:\/\/developlaclave.es\/develop\/pictormulier\/fr\/muses\/portraits-erotiques-femme-du-soir\/\" target=\"_blank\" rel=\"noopener\"><strong>Femme du Soir<\/strong><\/a><\/p>\t\t\t\t\t\t\t\t<\/div>\n\t\t\t\t<\/div>\n\t\t\t\t<\/div>\n\t\t<div class=\"elementor-element elementor-element-b924e78 e-con-full e-flex e-con e-child\" data-id=\"b924e78\" data-element_type=\"container\" data-e-type=\"container\">\n\t\t\t\t<div class=\"elementor-element elementor-element-838e76d elementor-widget elementor-widget-image\" data-id=\"838e76d\" data-element_type=\"widget\" data-e-type=\"widget\" data-widget_type=\"image.default\">\n\t\t\t\t<div class=\"elementor-widget-container\">\n\t\t\t\t\t\t\t\t\t\t\t\t\t\t\t\t<a href=\"https:\/\/developlaclave.es\/develop\/pictormulier\/fr\/muses\/peintures-nu-jessie\/\" target=\"_blank\" rel=\"noopener\">\n\t\t\t\t\t\t\t<img decoding=\"async\" src=\"https:\/\/pictormulier.com\/wp-content\/uploads\/elementor\/thumbs\/jessie-loves-to-show-her-tits-on-the-beach-web-1-r0excfupmcewfmehxkfdx45gd4h9oz4bl80h3a9imw.jpg\" title=\"Jessie loves to show her tits on the beach\" alt=\"30x42 cm\" loading=\"lazy\" \/>\t\t\t\t\t\t\t\t<\/a>\n\t\t\t\t\t\t\t\t\t\t\t\t\t\t\t<\/div>\n\t\t\t\t<\/div>\n\t\t\t\t<div class=\"elementor-element elementor-element-ecf6349 elementor-widget elementor-widget-text-editor\" data-id=\"ecf6349\" data-element_type=\"widget\" data-e-type=\"widget\" data-widget_type=\"text-editor.default\">\n\t\t\t\t<div class=\"elementor-widget-container\">\n\t\t\t\t\t\t\t\t\t<p style=\"text-align: center;\"><a href=\"https:\/\/developlaclave.es\/develop\/pictormulier\/fr\/muses\/peintures-nu-jessie\/\" target=\"_blank\" rel=\"noopener\"><strong>Jessie<\/strong><\/a><\/p>\t\t\t\t\t\t\t\t<\/div>\n\t\t\t\t<\/div>\n\t\t\t\t<\/div>\n\t\t<div class=\"elementor-element elementor-element-5b363f4 e-con-full e-flex e-con e-child\" data-id=\"5b363f4\" data-element_type=\"container\" data-e-type=\"container\">\n\t\t\t\t<div class=\"elementor-element elementor-element-3722616 elementor-widget elementor-widget-image\" data-id=\"3722616\" data-element_type=\"widget\" data-e-type=\"widget\" data-widget_type=\"image.default\">\n\t\t\t\t<div class=\"elementor-widget-container\">\n\t\t\t\t\t\t\t\t\t\t\t\t\t\t\t\t<a href=\"https:\/\/developlaclave.es\/develop\/pictormulier\/fr\/muses\/portraits-erotiques-nus-artistiques-de-lali\/\" target=\"_blank\" rel=\"noopener\">\n\t\t\t\t\t\t\t<img decoding=\"async\" src=\"https:\/\/pictormulier.com\/wp-content\/uploads\/elementor\/thumbs\/portrait-de-lali-web-r06jr5mju5lz8l7oug2v2wvfcqnfm8gdinlxqogu54.jpg\" title=\"portrait-de-lali-web\" alt=\"Portrait de Lali par Pictor Mulier\" loading=\"lazy\" \/>\t\t\t\t\t\t\t\t<\/a>\n\t\t\t\t\t\t\t\t\t\t\t\t\t\t\t<\/div>\n\t\t\t\t<\/div>\n\t\t\t\t<div class=\"elementor-element elementor-element-a6fb9ef elementor-widget elementor-widget-text-editor\" data-id=\"a6fb9ef\" data-element_type=\"widget\" data-e-type=\"widget\" data-widget_type=\"text-editor.default\">\n\t\t\t\t<div class=\"elementor-widget-container\">\n\t\t\t\t\t\t\t\t\t<p style=\"text-align: center;\"><a href=\"https:\/\/developlaclave.es\/develop\/pictormulier\/fr\/muses\/portraits-erotiques-nus-artistiques-de-lali\/\" target=\"_blank\" rel=\"noopener\"><strong>Lali<\/strong><\/a><\/p>\t\t\t\t\t\t\t\t<\/div>\n\t\t\t\t<\/div>\n\t\t\t\t<\/div>\n\t\t<div class=\"elementor-element elementor-element-769fa6c e-con-full e-flex e-con e-child\" data-id=\"769fa6c\" data-element_type=\"container\" data-e-type=\"container\">\n\t\t\t\t<div class=\"elementor-element elementor-element-9298f24 elementor-widget elementor-widget-image\" data-id=\"9298f24\" data-element_type=\"widget\" data-e-type=\"widget\" data-widget_type=\"image.default\">\n\t\t\t\t<div class=\"elementor-widget-container\">\n\t\t\t\t\t\t\t\t\t\t\t\t\t\t\t\t<a href=\"https:\/\/developlaclave.es\/develop\/pictormulier\/fr\/muses\/portraits-erotiques-nus-artistiques-de-leina\/\" target=\"_blank\" rel=\"noopener\">\n\t\t\t\t\t\t\t<img decoding=\"async\" src=\"https:\/\/pictormulier.com\/wp-content\/uploads\/elementor\/thumbs\/la-turbadora-mirada-de-leina-web-r0ext6d9b5bp5o3b7av8te3x53zjqyk9k26ppng5ug.jpg\" title=\"la-turbadora-mirada-de-leina-web\" alt=\"la-turbadora-mirada-de-leina-web\" loading=\"lazy\" \/>\t\t\t\t\t\t\t\t<\/a>\n\t\t\t\t\t\t\t\t\t\t\t\t\t\t\t<\/div>\n\t\t\t\t<\/div>\n\t\t\t\t<div class=\"elementor-element elementor-element-7ef949c elementor-widget elementor-widget-text-editor\" data-id=\"7ef949c\" data-element_type=\"widget\" data-e-type=\"widget\" data-widget_type=\"text-editor.default\">\n\t\t\t\t<div class=\"elementor-widget-container\">\n\t\t\t\t\t\t\t\t\t<p style=\"text-align: center;\"><a href=\"https:\/\/developlaclave.es\/develop\/pictormulier\/fr\/muses\/portraits-erotiques-nus-artistiques-de-leina\/\" target=\"_blank\" rel=\"noopener\"><strong>Leina<\/strong><\/a><\/p>\t\t\t\t\t\t\t\t<\/div>\n\t\t\t\t<\/div>\n\t\t\t\t<\/div>\n\t\t<div class=\"elementor-element elementor-element-0d406db e-con-full e-flex e-con e-child\" data-id=\"0d406db\" data-element_type=\"container\" data-e-type=\"container\">\n\t\t\t\t<div class=\"elementor-element elementor-element-2d90c90 elementor-widget elementor-widget-image\" data-id=\"2d90c90\" data-element_type=\"widget\" data-e-type=\"widget\" data-widget_type=\"image.default\">\n\t\t\t\t<div class=\"elementor-widget-container\">\n\t\t\t\t\t\t\t\t\t\t\t\t\t\t\t\t<a href=\"https:\/\/developlaclave.es\/develop\/pictormulier\/fr\/muses\/peintures-erotiques-nota-mu\/\" target=\"_blank\" rel=\"noopener\">\n\t\t\t\t\t\t\t<img decoding=\"async\" src=\"https:\/\/pictormulier.com\/wp-content\/uploads\/elementor\/thumbs\/retrato-nota-mu-web-r0itfo748y7ul2ts015mgz1gap15m5efawhhu6m460.jpg\" title=\"retrato-nota-mu-web\" alt=\"retrato-nota-mu-web\" loading=\"lazy\" \/>\t\t\t\t\t\t\t\t<\/a>\n\t\t\t\t\t\t\t\t\t\t\t\t\t\t\t<\/div>\n\t\t\t\t<\/div>\n\t\t\t\t<div class=\"elementor-element elementor-element-273edc7 elementor-widget elementor-widget-text-editor\" data-id=\"273edc7\" data-element_type=\"widget\" data-e-type=\"widget\" data-widget_type=\"text-editor.default\">\n\t\t\t\t<div class=\"elementor-widget-container\">\n\t\t\t\t\t\t\t\t\t<p style=\"text-align: center;\"><a href=\"https:\/\/developlaclave.es\/develop\/pictormulier\/fr\/muses\/peintures-erotiques-nota-mu\/\" target=\"_blank\" rel=\"noopener\"><strong>Nota Mu<\/strong><\/a><\/p>\t\t\t\t\t\t\t\t<\/div>\n\t\t\t\t<\/div>\n\t\t\t\t<\/div>\n\t\t<div class=\"elementor-element elementor-element-7e9449d e-con-full e-flex e-con e-child\" data-id=\"7e9449d\" data-element_type=\"container\" data-e-type=\"container\">\n\t\t\t\t<div class=\"elementor-element elementor-element-8cb74f1 elementor-widget elementor-widget-image\" data-id=\"8cb74f1\" data-element_type=\"widget\" data-e-type=\"widget\" data-widget_type=\"image.default\">\n\t\t\t\t<div class=\"elementor-widget-container\">\n\t\t\t\t\t\t\t\t\t\t\t\t\t\t\t\t<a href=\"https:\/\/developlaclave.es\/develop\/pictormulier\/fr\/muses\/paula-muse-du-peintre-pictor-mulier\/\" target=\"_blank\" rel=\"noopener\">\n\t\t\t\t\t\t\t<img decoding=\"async\" src=\"https:\/\/pictormulier.com\/wp-content\/uploads\/elementor\/thumbs\/paula-dama-del-lago-web-r0exliyjoouonx7cvhtk0tlv37p03n6wu71g3ksihk.jpg\" title=\"paula-dama-del-lago-web\" alt=\"paula-dama-del-lago-web\" loading=\"lazy\" \/>\t\t\t\t\t\t\t\t<\/a>\n\t\t\t\t\t\t\t\t\t\t\t\t\t\t\t<\/div>\n\t\t\t\t<\/div>\n\t\t\t\t<div class=\"elementor-element elementor-element-1e792c9 elementor-widget elementor-widget-text-editor\" data-id=\"1e792c9\" data-element_type=\"widget\" data-e-type=\"widget\" data-widget_type=\"text-editor.default\">\n\t\t\t\t<div class=\"elementor-widget-container\">\n\t\t\t\t\t\t\t\t\t<p style=\"text-align: center;\"><a href=\"https:\/\/developlaclave.es\/develop\/pictormulier\/fr\/muses\/paula-muse-du-peintre-pictor-mulier\/\" target=\"_blank\" rel=\"noopener\"><strong>Paula<\/strong><\/a><\/p>\t\t\t\t\t\t\t\t<\/div>\n\t\t\t\t<\/div>\n\t\t\t\t<\/div>\n\t\t<div class=\"elementor-element elementor-element-e7e0fc7 e-con-full e-flex e-con e-child\" data-id=\"e7e0fc7\" data-element_type=\"container\" data-e-type=\"container\">\n\t\t\t\t<div class=\"elementor-element elementor-element-63707b9 elementor-widget elementor-widget-image\" data-id=\"63707b9\" data-element_type=\"widget\" data-e-type=\"widget\" data-widget_type=\"image.default\">\n\t\t\t\t<div class=\"elementor-widget-container\">\n\t\t\t\t\t\t\t\t\t\t\t\t\t\t\t\t<a href=\"https:\/\/developlaclave.es\/develop\/pictormulier\/fr\/muses\/peintures-nus-rosa\/\" target=\"_blank\" rel=\"noopener\">\n\t\t\t\t\t\t\t<img decoding=\"async\" src=\"https:\/\/pictormulier.com\/wp-content\/uploads\/elementor\/thumbs\/rosa-entre-dos-aguas-web-r08apfg3l5yterbqejzz9iz3xuhb2ueffnxhcm8q6w.jpg\" title=\"rosa-entre-dos-aguas-web\" alt=\"rosa-entre-dos-aguas-web\" loading=\"lazy\" \/>\t\t\t\t\t\t\t\t<\/a>\n\t\t\t\t\t\t\t\t\t\t\t\t\t\t\t<\/div>\n\t\t\t\t<\/div>\n\t\t\t\t<div class=\"elementor-element elementor-element-161cf9c elementor-widget elementor-widget-text-editor\" data-id=\"161cf9c\" data-element_type=\"widget\" data-e-type=\"widget\" data-widget_type=\"text-editor.default\">\n\t\t\t\t<div class=\"elementor-widget-container\">\n\t\t\t\t\t\t\t\t\t<p style=\"text-align: center;\"><a href=\"https:\/\/developlaclave.es\/develop\/pictormulier\/fr\/muses\/peintures-nus-rosa\/\" target=\"_blank\" rel=\"noopener\"><strong>Rosa<\/strong><\/a><\/p>\t\t\t\t\t\t\t\t<\/div>\n\t\t\t\t<\/div>\n\t\t\t\t<\/div>\n\t\t<div class=\"elementor-element elementor-element-03e7f9c e-con-full e-flex e-con e-child\" data-id=\"03e7f9c\" data-element_type=\"container\" data-e-type=\"container\">\n\t\t\t\t<div class=\"elementor-element elementor-element-88ef4d0 elementor-widget elementor-widget-image\" data-id=\"88ef4d0\" data-element_type=\"widget\" data-e-type=\"widget\" data-widget_type=\"image.default\">\n\t\t\t\t<div class=\"elementor-widget-container\">\n\t\t\t\t\t\t\t\t\t\t\t\t\t\t\t\t<a href=\"https:\/\/developlaclave.es\/develop\/pictormulier\/fr\/muses\/vienna-muse-rousse\/\" target=\"_blank\" rel=\"noopener\">\n\t\t\t\t\t\t\t<img decoding=\"async\" src=\"https:\/\/pictormulier.com\/wp-content\/uploads\/elementor\/thumbs\/VIENNA-ATTENDING-NAKED-TO-THE-SECOND-SHOWING-OF-GREASE-web-1-r0excwrt1d228lpx6rqo5zvr225vjizhnjr7q9kfiw.jpg\" title=\"Vienna attending naked to the second showing of Grease and Saturday night fever in New York\" alt=\"60x80 cm\" loading=\"lazy\" \/>\t\t\t\t\t\t\t\t<\/a>\n\t\t\t\t\t\t\t\t\t\t\t\t\t\t\t<\/div>\n\t\t\t\t<\/div>\n\t\t\t\t<div class=\"elementor-element elementor-element-999955d elementor-widget elementor-widget-text-editor\" data-id=\"999955d\" data-element_type=\"widget\" data-e-type=\"widget\" data-widget_type=\"text-editor.default\">\n\t\t\t\t<div class=\"elementor-widget-container\">\n\t\t\t\t\t\t\t\t\t<p style=\"text-align: center;\"><a href=\"https:\/\/developlaclave.es\/develop\/pictormulier\/fr\/muses\/vienna-muse-rousse\/\" target=\"_blank\" rel=\"noopener\"><strong>Vienna<\/strong><\/a><\/p>\t\t\t\t\t\t\t\t<\/div>\n\t\t\t\t<\/div>\n\t\t\t\t<\/div>\n\t\t\t\t\t<\/div>\n\t\t\t\t<\/div>\n\t\t\t\t<\/div>\n\t\t","protected":false},"excerpt":{"rendered":"<p>Les Muses de Pictor Mulier : beaut\u00e9, \u00e9rotisme et art sans censure Des femmes qui d\u00e9fient les tabous et deviennent de l\u2019art De la Gr\u00e8ce antique aux ateliers des grands ma\u00eetres, l\u2019art a toujours rendu hommage \u00e0 la beaut\u00e9 f\u00e9minine. Dans l\u2019\u0153uvre de Pictor Mulier, ses muses ne sont pas de simples mod\u00e8les, mais des [&#8230;]<\/p>\n<p><a class=\"btn btn-secondary understrap-read-more-link\" href=\"https:\/\/pictormulier.com\/fr\/muses\/\">Lire la suite\u2026<span class=\"screen-reader-text\"> from Muses FR<\/span><\/a><\/p>\n","protected":false},"author":1,"featured_media":0,"parent":0,"menu_order":0,"comment_status":"closed","ping_status":"closed","template":"elementor_header_footer","meta":{"footnotes":""},"class_list":["post-3413","page","type-page","status-publish","hentry"],"_links":{"self":[{"href":"https:\/\/pictormulier.com\/fr\/wp-json\/wp\/v2\/pages\/3413","targetHints":{"allow":["GET"]}}],"collection":[{"href":"https:\/\/pictormulier.com\/fr\/wp-json\/wp\/v2\/pages"}],"about":[{"href":"https:\/\/pictormulier.com\/fr\/wp-json\/wp\/v2\/types\/page"}],"author":[{"embeddable":true,"href":"https:\/\/pictormulier.com\/fr\/wp-json\/wp\/v2\/users\/1"}],"replies":[{"embeddable":true,"href":"https:\/\/pictormulier.com\/fr\/wp-json\/wp\/v2\/comments?post=3413"}],"version-history":[{"count":13,"href":"https:\/\/pictormulier.com\/fr\/wp-json\/wp\/v2\/pages\/3413\/revisions"}],"predecessor-version":[{"id":3443,"href":"https:\/\/pictormulier.com\/fr\/wp-json\/wp\/v2\/pages\/3413\/revisions\/3443"}],"wp:attachment":[{"href":"https:\/\/pictormulier.com\/fr\/wp-json\/wp\/v2\/media?parent=3413"}],"curies":[{"name":"wp","href":"https:\/\/api.w.org\/{rel}","templated":true}]}}