{"id":3105,"date":"2025-02-08T10:04:48","date_gmt":"2025-02-08T09:04:48","guid":{"rendered":"https:\/\/developlaclave.es\/develop\/pictormulier\/?page_id=3105"},"modified":"2025-12-27T11:13:25","modified_gmt":"2025-12-27T10:13:25","slug":"paula-muse-du-peintre-pictor-mulier","status":"publish","type":"page","link":"https:\/\/pictormulier.com\/fr\/muses\/paula-muse-du-peintre-pictor-mulier\/","title":{"rendered":"Paula FR"},"content":{"rendered":"\t\t<div data-elementor-type=\"wp-post\" data-elementor-id=\"3105\" class=\"elementor elementor-3105 elementor-3103\">\n\t\t\t\t<div class=\"elementor-element elementor-element-10e8f59 e-flex e-con-boxed e-con e-parent\" data-id=\"10e8f59\" data-element_type=\"container\" data-e-type=\"container\">\n\t\t\t\t\t<div class=\"e-con-inner\">\n\t\t\t\t<div class=\"elementor-element elementor-element-f4e52b8 elementor-widget elementor-widget-heading\" data-id=\"f4e52b8\" data-element_type=\"widget\" data-e-type=\"widget\" data-widget_type=\"heading.default\">\n\t\t\t\t<div class=\"elementor-widget-container\">\n\t\t\t\t\t<h1 class=\"elementor-heading-title elementor-size-default\">Paula<\/h1>\t\t\t\t<\/div>\n\t\t\t\t<\/div>\n\t\t\t\t<div class=\"elementor-element elementor-element-fd10de2 elementor-widget elementor-widget-heading\" data-id=\"fd10de2\" data-element_type=\"widget\" data-e-type=\"widget\" data-widget_type=\"heading.default\">\n\t\t\t\t<div class=\"elementor-widget-container\">\n\t\t\t\t\t<h2 class=\"elementor-heading-title elementor-size-default\">Le grand d\u00e9fi de peindre une peintre<\/h2>\t\t\t\t<\/div>\n\t\t\t\t<\/div>\n\t\t\t\t<div class=\"elementor-element elementor-element-10790a8 elementor-widget elementor-widget-text-editor\" data-id=\"10790a8\" data-element_type=\"widget\" data-e-type=\"widget\" data-widget_type=\"text-editor.default\">\n\t\t\t\t<div class=\"elementor-widget-container\">\n\t\t\t\t\t\t\t\t\t<p>Et c\u2019est un d\u00e9fi car, en plus de son talent en tant qu\u2019artiste, elle est aussi danseuse et photographe. <br \/>Cette combinaison magique de talents permet \u00e0 Paula, en tant que mod\u00e8le, de r\u00e9v\u00e9ler le meilleur d\u2019elle-m\u00eame\u2014son c\u00f4t\u00e9 le plus \u00e9rotique, mis en valeur avec l\u2019\u00e9l\u00e9gance unique d\u2019une danseuse. <br \/>Au-del\u00e0 du d\u00e9fi artistique, travailler avec elle est incroyablement enrichissant, car elle est une source in\u00e9puisable de cr\u00e9ativit\u00e9. <br \/>Et l\u2019avoir comme amie personnelle est un honneur.<\/p><p style=\"text-align: center;\"><a href=\"https:\/\/www.paulasegarra.com\" target=\"_blank\" rel=\"noopener\"><strong>Une artiste pluridisciplinaire dont je vous invite \u00e0 d\u00e9couvrir l\u2019\u0153uvre sur son site web.<\/strong><\/a><\/p>\t\t\t\t\t\t\t\t<\/div>\n\t\t\t\t<\/div>\n\t\t\t\t<div class=\"elementor-element elementor-element-7d9de30 elementor-widget elementor-widget-shortcode\" data-id=\"7d9de30\" data-element_type=\"widget\" data-e-type=\"widget\" data-widget_type=\"shortcode.default\">\n\t\t\t\t<div class=\"elementor-widget-container\">\n\t\t\t\t\t\t\t<div class=\"elementor-shortcode\"><div id=\"envira-gallery-wrap-2685\" class=\"envira-gallery-wrap envira-lazy-loading-disabled envira-layout-grid envira-gallery-theme-base\" itemscope itemtype=\"https:\/\/schema.org\/ImageGallery\"><div class=\"envira-loader\"><div><\/div><div><\/div><div><\/div><div><\/div><\/div><div id=\"envira-gallery-2685\" class=\"envira-gallery-public envira-gallery-2-columns envira-clear\" data-envira-id=\"2685\" data-gallery-config='{\"type\":\"default\",\"layout\":\"grid\",\"columns\":\"2\",\"gallery_theme\":\"base\",\"justified_margins\":1,\"justified_last_row\":\"nojustify\",\"lazy_loading\":0,\"lazy_loading_delay\":500,\"gutter\":30,\"gutter_mobile\":0,\"margin\":30,\"image_size\":\"default\",\"square_size\":300,\"crop_width\":500,\"crop_height\":750,\"crop\":0,\"crop_position\":\"c\",\"show_more_text\":\"Click for more\",\"additional_copy_0\":0,\"additional_copy_title\":0,\"additional_copy_caption\":0,\"additional_copy_title_caption\":0,\"additional_copy_0_mobile\":0,\"additional_copy_title_mobile\":0,\"additional_copy_caption_mobile\":0,\"additional_copy_title_caption_mobile\":0,\"gallery_column_title_caption\":\"title_caption\",\"gallery_column_title_caption_mobile\":\"0\",\"additional_copy_automatic_0\":0,\"additional_copy_automatic_title\":0,\"additional_copy_automatic_caption\":0,\"additional_copy_automatic_title_caption\":0,\"additional_copy_automatic_0_mobile\":0,\"additional_copy_automatic_title_mobile\":0,\"additional_copy_automatic_caption_mobile\":0,\"additional_copy_automatic_title_caption_mobile\":0,\"gallery_automatic_title_caption\":\"0\",\"gallery_automatic_title_caption_mobile\":\"0\",\"justified_row_height\":150,\"description_position\":\"0\",\"description\":\"\",\"random\":\"0\",\"sort_order\":\"0\",\"sorting_direction\":\"ASC\",\"image_sizes_random\":[],\"isotope\":false,\"lightbox_enabled\":1,\"gallery_link_enabled\":1,\"lightbox_theme\":\"base_dark\",\"lightbox_image_size\":\"default\",\"title_display\":\"float\",\"lightbox_title_caption\":\"title\",\"arrows\":1,\"arrows_position\":\"inside\",\"toolbar\":0,\"toolbar_title\":0,\"toolbar_position\":\"top\",\"loop\":1,\"lightbox_open_close_effect\":\"fade\",\"effect\":\"fade\",\"supersize\":0,\"thumbnails_toggle\":0,\"thumbnails_hide\":0,\"image_counter\":0,\"lightbox_html_caption\":0,\"thumbnails\":1,\"thumbnails_width\":\"auto\",\"thumbnails_height\":\"auto\",\"thumbnails_position\":\"bottom\",\"thumbnails_custom_size\":0,\"mobile\":0,\"mobile_width\":320,\"mobile_height\":240,\"mobile_lightbox\":1,\"mobile_gallery_link_enabled\":0,\"mobile_arrows\":1,\"mobile_toolbar\":1,\"mobile_thumbnails\":0,\"mobile_touchwipe_close\":0,\"mobile_thumbnails_width\":75,\"mobile_thumbnails_height\":50,\"mobile_justified_row_height\":80,\"keyboard\":true,\"standalone_template\":\"\",\"classes\":[\"\"],\"rtl\":0,\"slug\":\"paula\",\"gallery_id\":\"2685\"}' data-gallery-images='[{\"status\":\"active\",\"src\":\"https:\\\/\\\/pictormulier.com\\\/wp-content\\\/uploads\\\/2025\\\/01\\\/paula-dama-del-lago-web.jpg\",\"title\":\"Paula, Dama del Lago\",\"link\":\"https:\\\/\\\/pictormulier.com\\\/wp-content\\\/uploads\\\/2025\\\/01\\\/paula-dama-del-lago-web.jpg\",\"alt\":\"Paula, Dama del Lago por Pictor Mulier\",\"caption\":\"40x60 cm\",\"thumb\":\"https:\\\/\\\/pictormulier.com\\\/wp-content\\\/uploads\\\/2025\\\/01\\\/paula-dama-del-lago-web-75x50_c.jpg\",\"meta\":{\"aperture\":null,\"credit\":null,\"camera\":null,\"caption\":\"\",\"created_timestamp\":null,\"copyright\":null,\"focal_length\":null,\"iso\":null,\"shutter_speed\":null,\"title\":\"\",\"orientation\":null,\"keywords\":null,\"resized_images\":null},\"thumbnail\":\"https:\\\/\\\/pictormulier.com\\\/wp-content\\\/uploads\\\/2025\\\/01\\\/paula-dama-del-lago-web-150x150.jpg\",\"medium\":\"https:\\\/\\\/pictormulier.com\\\/wp-content\\\/uploads\\\/2025\\\/01\\\/paula-dama-del-lago-web-196x300.jpg\",\"medium_large\":\"https:\\\/\\\/pictormulier.com\\\/wp-content\\\/uploads\\\/2025\\\/01\\\/paula-dama-del-lago-web-768x1178.jpg\",\"large\":\"https:\\\/\\\/pictormulier.com\\\/wp-content\\\/uploads\\\/2025\\\/01\\\/paula-dama-del-lago-web-668x1024.jpg\",\"1536x1536\":\"https:\\\/\\\/pictormulier.com\\\/wp-content\\\/uploads\\\/2025\\\/01\\\/paula-dama-del-lago-web.jpg\",\"2048x2048\":\"https:\\\/\\\/pictormulier.com\\\/wp-content\\\/uploads\\\/2025\\\/01\\\/paula-dama-del-lago-web.jpg\",\"full\":\"https:\\\/\\\/pictormulier.com\\\/wp-content\\\/uploads\\\/2025\\\/01\\\/paula-dama-del-lago-web.jpg\",\"index\":0,\"id\":2375,\"video\":false,\"opts\":{\"caption\":\"40x60 cm\",\"thumb\":\"https:\\\/\\\/pictormulier.com\\\/wp-content\\\/uploads\\\/2025\\\/01\\\/paula-dama-del-lago-web-75x50_c.jpg\",\"title\":\"Paula, Dama del Lago\"},\"gallery_id\":\"2685\"},{\"status\":\"active\",\"src\":\"https:\\\/\\\/pictormulier.com\\\/wp-content\\\/uploads\\\/2025\\\/01\\\/paula-desnuda-en-la-playa-web.jpg\",\"title\":\"Paula desnuda en la playa\",\"link\":\"https:\\\/\\\/pictormulier.com\\\/wp-content\\\/uploads\\\/2025\\\/01\\\/paula-desnuda-en-la-playa-web.jpg\",\"alt\":\"Paula desnuda en la playa por Pictor Mulier\",\"caption\":\"40x60 cm\",\"thumb\":\"https:\\\/\\\/pictormulier.com\\\/wp-content\\\/uploads\\\/2025\\\/01\\\/paula-desnuda-en-la-playa-web-75x50_c.jpg\",\"meta\":{\"aperture\":null,\"credit\":null,\"camera\":null,\"caption\":\"\",\"created_timestamp\":null,\"copyright\":null,\"focal_length\":null,\"iso\":null,\"shutter_speed\":null,\"title\":\"\",\"orientation\":null,\"keywords\":null,\"resized_images\":null},\"thumbnail\":\"https:\\\/\\\/pictormulier.com\\\/wp-content\\\/uploads\\\/2025\\\/01\\\/paula-desnuda-en-la-playa-web-150x150.jpg\",\"medium\":\"https:\\\/\\\/pictormulier.com\\\/wp-content\\\/uploads\\\/2025\\\/01\\\/paula-desnuda-en-la-playa-web-197x300.jpg\",\"medium_large\":\"https:\\\/\\\/pictormulier.com\\\/wp-content\\\/uploads\\\/2025\\\/01\\\/paula-desnuda-en-la-playa-web-768x1172.jpg\",\"large\":\"https:\\\/\\\/pictormulier.com\\\/wp-content\\\/uploads\\\/2025\\\/01\\\/paula-desnuda-en-la-playa-web-671x1024.jpg\",\"1536x1536\":\"https:\\\/\\\/pictormulier.com\\\/wp-content\\\/uploads\\\/2025\\\/01\\\/paula-desnuda-en-la-playa-web.jpg\",\"2048x2048\":\"https:\\\/\\\/pictormulier.com\\\/wp-content\\\/uploads\\\/2025\\\/01\\\/paula-desnuda-en-la-playa-web.jpg\",\"full\":\"https:\\\/\\\/pictormulier.com\\\/wp-content\\\/uploads\\\/2025\\\/01\\\/paula-desnuda-en-la-playa-web.jpg\",\"index\":1,\"id\":2378,\"video\":false,\"opts\":{\"caption\":\"40x60 cm\",\"thumb\":\"https:\\\/\\\/pictormulier.com\\\/wp-content\\\/uploads\\\/2025\\\/01\\\/paula-desnuda-en-la-playa-web-75x50_c.jpg\",\"title\":\"Paula desnuda en la playa\"},\"gallery_id\":\"2685\"}]' data-lightbox-theme='{&quot;arrows&quot;:true,&quot;margins&quot;:[120,0],&quot;gutter&quot;:&quot;100&quot;,&quot;thumbs_position&quot;:&quot;bottom&quot;,&quot;base_template&quot;:&quot;&lt;div id=\\&quot;envirabox-2685\\&quot; data-envirabox-id=\\&quot;2685\\&quot; class=\\&quot;envirabox-container envirabox-theme-base_dark envirabox-wrap\\&quot; role=\\&quot;dialog\\&quot;&gt;&lt;div class=\\&quot;envirabox-bg\\&quot;&gt;&lt;\\\/div&gt;&lt;div class=\\&quot;envirabox-outer\\&quot;&gt;&lt;div class=\\&quot;envirabox-inner\\&quot;&gt;&lt;div class=\\&quot;envirabox-caption-wrap\\&quot;&gt;&lt;div class=\\&quot;envirabox-title\\&quot;&gt;&lt;\\\/div&gt;&lt;\\\/div&gt;&lt;div class=\\&quot;envirabox-toolbar\\&quot;&gt;&lt;div class=\\&quot;envira-close-button\\&quot;&gt;&lt;a data-envirabox-close class=\\&quot;envirabox-item envirabox-close envirabox-button--close\\&quot; title=\\&quot;Close\\&quot; href=\\&quot;#\\&quot;&gt;&lt;\\\/a&gt;&lt;\\\/div&gt;&lt;\\\/div&gt;&lt;div class=\\&quot;envirabox-navigation\\&quot;&gt;&lt;a data-envirabox-prev title=\\&quot;Prev\\&quot; class=\\&quot;envirabox-arrow envirabox-arrow--left envirabox-nav envirabox-prev\\&quot; href=\\&quot;#\\&quot;&gt;&lt;span&gt;&lt;\\\/span&gt;&lt;\\\/a&gt;&lt;a data-envirabox-next title=\\&quot;Next\\&quot; class=\\&quot;envirabox-arrow envirabox-arrow--right envirabox-nav envirabox-next\\&quot; href=\\&quot;#\\&quot;&gt;&lt;span&gt;&lt;\\\/span&gt;&lt;\\\/a&gt;&lt;\\\/div&gt;&lt;div class=\\&quot;envirabox-stage\\&quot;&gt;&lt;\\\/div&gt;&lt;\\\/div&gt;&lt;\\\/div&gt;&lt;\\\/div&gt;&quot;,&quot;load_all&quot;:false,&quot;error_template&quot;:&quot;&lt;div class=\\&quot;envirabox-error\\&quot;&gt;&lt;p&gt;{{ERROR}}&lt;p&gt;&lt;\\\/div&gt;&quot;,&quot;inner_caption&quot;:false,&quot;caption_position&quot;:false,&quot;arrow_position&quot;:false,&quot;toolbar&quot;:true,&quot;infobar&quot;:false,&quot;show_smallbtn&quot;:false,&quot;idle_time&quot;:false,&quot;click_content&quot;:false,&quot;click_slide&quot;:false,&quot;click_outside&quot;:false,&quot;animation_duration&quot;:false,&quot;transition_duration&quot;:false,&quot;small_btn_template&quot;:&quot;&lt;a data-envirabox-close class=\\&quot;envirabox-item envirabox-close envirabox-button--close\\&quot; title=\\&quot;Close\\&quot; href=\\&quot;#\\&quot;&gt;&lt;\\\/a&gt;&quot;}' data-parsed-attrs='{\"id\":\"2685\",\"cache\":true}'><div id=\"envira-gallery-item-2375\" class=\"envira-gallery-item envira-gallery-item-1\" style=\"padding-left: 15px; padding-bottom: 30px; padding-right: 15px;\"  itemscope itemtype=\"https:\/\/schema.org\/ImageObject\"><div class=\"envira-gallery-item-inner\"><div class=\"envira-gallery-position-overlay envira-gallery-top-left\"><\/div><div class=\"envira-gallery-position-overlay envira-gallery-top-right\"><\/div><div class=\"envira-gallery-position-overlay envira-gallery-bottom-left\"><\/div><div class=\"envira-gallery-position-overlay envira-gallery-bottom-right\"><\/div><a class=\"envira-gallery-2685 envira-gallery-link\" href=\"https:\/\/pictormulier.com\/wp-content\/uploads\/2025\/01\/paula-dama-del-lago-web.jpg\" title=\"Paula, Dama del Lago\" data-caption=\"40x60 cm\" data-envira-item-id=\"2375\" data-envira-retina=\"https:\/\/pictormulier.com\/wp-content\/uploads\/2025\/01\/paula-dama-del-lago-web.jpg\" data-thumb=\"https:\/\/pictormulier.com\/wp-content\/uploads\/2025\/01\/paula-dama-del-lago-web-75x50_c.jpg\" data-title=\"Paula, Dama del Lago\" data-envirabox=\"2685\" itemprop=\"contentUrl\" data-><img fetchpriority=\"high\" decoding=\"async\" src=\"https:\/\/pictormulier.com\/wp-content\/uploads\/2025\/01\/paula-dama-del-lago-web-668x1024.jpg\" alt=\"Paula, Dama del Lago por Pictor Mulier\" class=\"envira-gallery-image envira-gallery-image-1   \" height=\"750\" id=\"envira-gallery-image-2375\" srcset=\"https:\/\/pictormulier.com\/wp-content\/uploads\/2025\/01\/paula-dama-del-lago-web.jpg, https:\/\/pictormulier.com\/wp-content\/uploads\/2025\/01\/paula-dama-del-lago-web.jpg 2x\" tabindex=\"-1\" title=\"Paula, Dama del Lago\" width=\"500\" data-caption=\"40x60 cm\" data-envira-gallery-id=\"2685\" data-envira-index=\"0\" data-envira-item-id=\"2375\" data-envira-src=\"https:\/\/pictormulier.com\/wp-content\/uploads\/2025\/01\/paula-dama-del-lago-web-668x1024.jpg\" data-envira-srcset=\"https:\/\/pictormulier.com\/wp-content\/uploads\/2025\/01\/paula-dama-del-lago-web-668x1024.jpg 400w, https:\/\/pictormulier.com\/wp-content\/uploads\/2025\/01\/paula-dama-del-lago-web-668x1024.jpg 2x\" data-title=\"Paula, Dama del Lago\" itemprop=\"thumbnailUrl\"  data-envirabox=\"2685\" \/><\/a><div class=\"envira-gallery-captioned-data envira-gallery-captioned-data-base\"><span class='envira-title envira-gallery-captioned-text title-2375'>Paula, Dama del Lago<\/span><span class='envira-caption envira-gallery-captioned-text caption-2375'>40x60 cm<\/span><\/div><\/div><\/div><div id=\"envira-gallery-item-2378\" class=\"envira-gallery-item envira-gallery-item-2\" style=\"padding-left: 15px; padding-bottom: 30px; padding-right: 15px;\"  itemscope itemtype=\"https:\/\/schema.org\/ImageObject\"><div class=\"envira-gallery-item-inner\"><div class=\"envira-gallery-position-overlay envira-gallery-top-left\"><\/div><div class=\"envira-gallery-position-overlay envira-gallery-top-right\"><\/div><div class=\"envira-gallery-position-overlay envira-gallery-bottom-left\"><\/div><div class=\"envira-gallery-position-overlay envira-gallery-bottom-right\"><\/div><a class=\"envira-gallery-2685 envira-gallery-link\" href=\"https:\/\/pictormulier.com\/wp-content\/uploads\/2025\/01\/paula-desnuda-en-la-playa-web.jpg\" title=\"Paula desnuda en la playa\" data-caption=\"40x60 cm\" data-envira-item-id=\"2378\" data-envira-retina=\"https:\/\/pictormulier.com\/wp-content\/uploads\/2025\/01\/paula-desnuda-en-la-playa-web.jpg\" data-thumb=\"https:\/\/pictormulier.com\/wp-content\/uploads\/2025\/01\/paula-desnuda-en-la-playa-web-75x50_c.jpg\" data-title=\"Paula desnuda en la playa\" data-envirabox=\"2685\" itemprop=\"contentUrl\" data-><img decoding=\"async\" src=\"https:\/\/pictormulier.com\/wp-content\/uploads\/2025\/01\/paula-desnuda-en-la-playa-web-671x1024.jpg\" alt=\"Paula desnuda en la playa por Pictor Mulier\" class=\"envira-gallery-image envira-gallery-image-2   \" height=\"750\" id=\"envira-gallery-image-2378\" srcset=\"https:\/\/pictormulier.com\/wp-content\/uploads\/2025\/01\/paula-desnuda-en-la-playa-web.jpg, https:\/\/pictormulier.com\/wp-content\/uploads\/2025\/01\/paula-desnuda-en-la-playa-web.jpg 2x\" tabindex=\"-1\" title=\"Paula desnuda en la playa\" width=\"500\" data-caption=\"40x60 cm\" data-envira-gallery-id=\"2685\" data-envira-index=\"1\" data-envira-item-id=\"2378\" data-envira-src=\"https:\/\/pictormulier.com\/wp-content\/uploads\/2025\/01\/paula-desnuda-en-la-playa-web-671x1024.jpg\" data-envira-srcset=\"https:\/\/pictormulier.com\/wp-content\/uploads\/2025\/01\/paula-desnuda-en-la-playa-web-671x1024.jpg 400w, https:\/\/pictormulier.com\/wp-content\/uploads\/2025\/01\/paula-desnuda-en-la-playa-web-671x1024.jpg 2x\" data-title=\"Paula desnuda en la playa\" itemprop=\"thumbnailUrl\"  data-envirabox=\"2685\" \/><\/a><div class=\"envira-gallery-captioned-data envira-gallery-captioned-data-base\"><span class='envira-title envira-gallery-captioned-text title-2378'>Paula desnuda en la playa<\/span><span class='envira-caption envira-gallery-captioned-text caption-2378'>40x60 cm<\/span><\/div><\/div><\/div><\/div><\/div><noscript><img src='https:\/\/pictormulier.com\/wp-content\/uploads\/2025\/01\/paula-dama-del-lago-web.jpg' alt='Paula, Dama del Lago por Pictor Mulier' class='envira_noscript_images ' \/><img src='https:\/\/pictormulier.com\/wp-content\/uploads\/2025\/01\/paula-desnuda-en-la-playa-web.jpg' alt='Paula desnuda en la playa por Pictor Mulier' class='envira_noscript_images ' \/><\/noscript><\/div>\n\t\t\t\t\t\t<\/div>\n\t\t\t\t<\/div>\n\t\t\t\t\t<\/div>\n\t\t\t\t<\/div>\n\t\t<div class=\"elementor-element elementor-element-86f85e4 e-flex e-con-boxed e-con e-parent\" data-id=\"86f85e4\" data-element_type=\"container\" data-e-type=\"container\" data-settings=\"{&quot;background_background&quot;:&quot;classic&quot;}\">\n\t\t\t\t\t<div class=\"e-con-inner\">\n\t\t\t\t<div class=\"elementor-element elementor-element-25590dd elementor-widget elementor-widget-image\" data-id=\"25590dd\" data-element_type=\"widget\" data-e-type=\"widget\" data-widget_type=\"image.default\">\n\t\t\t\t<div class=\"elementor-widget-container\">\n\t\t\t\t\t\t\t\t\t\t\t\t\t\t\t<img decoding=\"async\" width=\"640\" height=\"430\" src=\"https:\/\/pictormulier.com\/wp-content\/uploads\/2025\/01\/encarga-tu-propio-retrato-erotico-a-pictor-mulier.jpg\" class=\"attachment-large size-large wp-image-1088\" alt=\"encarga tu propio retrato er\u00f3tico a Pictor Mulier\" srcset=\"https:\/\/pictormulier.com\/wp-content\/uploads\/2025\/01\/encarga-tu-propio-retrato-erotico-a-pictor-mulier.jpg 730w, https:\/\/pictormulier.com\/wp-content\/uploads\/2025\/01\/encarga-tu-propio-retrato-erotico-a-pictor-mulier-300x201.jpg 300w\" sizes=\"(max-width: 640px) 100vw, 640px\" \/>\t\t\t\t\t\t\t\t\t\t\t\t\t\t\t<\/div>\n\t\t\t\t<\/div>\n\t\t<div class=\"elementor-element elementor-element-4fbbef8 e-con-full e-flex e-con e-child\" data-id=\"4fbbef8\" data-element_type=\"container\" data-e-type=\"container\">\n\t\t\t\t<div class=\"elementor-element elementor-element-12f11ce elementor-widget elementor-widget-text-editor\" data-id=\"12f11ce\" data-element_type=\"widget\" data-e-type=\"widget\" data-widget_type=\"text-editor.default\">\n\t\t\t\t<div class=\"elementor-widget-container\">\n\t\t\t\t\t\t\t\t\t<p>Ose lib\u00e9rer ta muse int\u00e9rieure. <br \/>Commande ton propre portrait \u00e9rotique.<\/p>\t\t\t\t\t\t\t\t<\/div>\n\t\t\t\t<\/div>\n\t\t\t\t<div class=\"elementor-element elementor-element-745ad16 elementor-widget elementor-widget-text-editor\" data-id=\"745ad16\" data-element_type=\"widget\" data-e-type=\"widget\" data-widget_type=\"text-editor.default\">\n\t\t\t\t<div class=\"elementor-widget-container\">\n\t\t\t\t\t\t\t\t\t<p>Si tu es int\u00e9ress\u00e9e par une peinture de nu o\u00f9 tu es le mod\u00e8le, contacte-moi.<\/p>\t\t\t\t\t\t\t\t<\/div>\n\t\t\t\t<\/div>\n\t\t\t\t<div class=\"elementor-element elementor-element-d5750e9 elementor-widget elementor-widget-heading\" data-id=\"d5750e9\" data-element_type=\"widget\" data-e-type=\"widget\" data-widget_type=\"heading.default\">\n\t\t\t\t<div class=\"elementor-widget-container\">\n\t\t\t\t\t<h4 class=\"elementor-heading-title elementor-size-default\"><a href=\"https:\/\/pictormulier.com\/fr\/contacter\/\">J\u2019OSE !<\/a><\/h4>\t\t\t\t<\/div>\n\t\t\t\t<\/div>\n\t\t\t\t<\/div>\n\t\t\t\t\t<\/div>\n\t\t\t\t<\/div>\n\t\t\t\t<\/div>\n\t\t","protected":false},"excerpt":{"rendered":"<p>Paula Le grand d\u00e9fi de peindre une peintre Et c\u2019est un d\u00e9fi car, en plus de son talent en tant qu\u2019artiste, elle est aussi danseuse et photographe. Cette combinaison magique de talents permet \u00e0 Paula, en tant que mod\u00e8le, de r\u00e9v\u00e9ler le meilleur d\u2019elle-m\u00eame\u2014son c\u00f4t\u00e9 le plus \u00e9rotique, mis en valeur avec l\u2019\u00e9l\u00e9gance unique d\u2019une [&#8230;]<\/p>\n<p><a class=\"btn btn-secondary understrap-read-more-link\" href=\"https:\/\/pictormulier.com\/fr\/muses\/paula-muse-du-peintre-pictor-mulier\/\">Lire la suite\u2026<span class=\"screen-reader-text\"> from Paula FR<\/span><\/a><\/p>\n","protected":false},"author":1,"featured_media":0,"parent":3413,"menu_order":0,"comment_status":"closed","ping_status":"closed","template":"elementor_header_footer","meta":{"footnotes":""},"class_list":["post-3105","page","type-page","status-publish","hentry"],"_links":{"self":[{"href":"https:\/\/pictormulier.com\/fr\/wp-json\/wp\/v2\/pages\/3105","targetHints":{"allow":["GET"]}}],"collection":[{"href":"https:\/\/pictormulier.com\/fr\/wp-json\/wp\/v2\/pages"}],"about":[{"href":"https:\/\/pictormulier.com\/fr\/wp-json\/wp\/v2\/types\/page"}],"author":[{"embeddable":true,"href":"https:\/\/pictormulier.com\/fr\/wp-json\/wp\/v2\/users\/1"}],"replies":[{"embeddable":true,"href":"https:\/\/pictormulier.com\/fr\/wp-json\/wp\/v2\/comments?post=3105"}],"version-history":[{"count":8,"href":"https:\/\/pictormulier.com\/fr\/wp-json\/wp\/v2\/pages\/3105\/revisions"}],"predecessor-version":[{"id":3795,"href":"https:\/\/pictormulier.com\/fr\/wp-json\/wp\/v2\/pages\/3105\/revisions\/3795"}],"up":[{"embeddable":true,"href":"https:\/\/pictormulier.com\/fr\/wp-json\/wp\/v2\/pages\/3413"}],"wp:attachment":[{"href":"https:\/\/pictormulier.com\/fr\/wp-json\/wp\/v2\/media?parent=3105"}],"curies":[{"name":"wp","href":"https:\/\/api.w.org\/{rel}","templated":true}]}}