{"id":813,"date":"2025-01-13T10:45:12","date_gmt":"2025-01-13T09:45:12","guid":{"rendered":"https:\/\/developlaclave.es\/develop\/pictormulier\/politica-de-cookies\/"},"modified":"2025-02-12T12:36:50","modified_gmt":"2025-02-12T11:36:50","slug":"politica-de-cookies","status":"publish","type":"page","link":"https:\/\/pictormulier.com\/en\/politica-de-cookies\/","title":{"rendered":"Pol\u00edtica de cookies"},"content":{"rendered":"\t\t<div data-elementor-type=\"wp-post\" data-elementor-id=\"813\" class=\"elementor elementor-813 elementor-370\">\n\t\t\t\t<div class=\"elementor-element elementor-element-86f85e4 e-flex e-con-boxed e-con e-parent\" data-id=\"86f85e4\" data-element_type=\"container\" data-e-type=\"container\" data-settings=\"{&quot;background_background&quot;:&quot;classic&quot;}\">\n\t\t\t\t\t<div class=\"e-con-inner\">\n\t\t\t\t<div class=\"elementor-element elementor-element-f4e52b8 elementor-widget elementor-widget-heading\" data-id=\"f4e52b8\" data-element_type=\"widget\" data-e-type=\"widget\" data-widget_type=\"heading.default\">\n\t\t\t\t<div class=\"elementor-widget-container\">\n\t\t\t\t\t<h1 class=\"elementor-heading-title elementor-size-default\">Pol\u00edtica de cookies<\/h1>\t\t\t\t<\/div>\n\t\t\t\t<\/div>\n\t\t\t\t\t<\/div>\n\t\t\t\t<\/div>\n\t\t<div class=\"elementor-element elementor-element-10e8f59 e-flex e-con-boxed e-con e-parent\" data-id=\"10e8f59\" data-element_type=\"container\" data-e-type=\"container\">\n\t\t\t\t\t<div class=\"e-con-inner\">\n\t\t\t\t<div class=\"elementor-element elementor-element-3eb349d elementor-widget elementor-widget-text-editor\" data-id=\"3eb349d\" data-element_type=\"widget\" data-e-type=\"widget\" data-widget_type=\"text-editor.default\">\n\t\t\t\t<div class=\"elementor-widget-container\">\n\t\t\t\t\t\t\t\t\t<h3>\u00bfQu\u00e9 es una cookie?<\/h3>\nEs un fichero que se descarga en su ordenador u otro dispositivo al acceder a determinadas p\u00e1ginas web que recogen informaci\u00f3n sobre su navegaci\u00f3n en dicho sitio web. En algunos casos las cookies resultan necesarias para facilitar la navegaci\u00f3n y permiten almacenar y recuperar informaci\u00f3n sobre los h\u00e1bitos de navegaci\u00f3n de un usuario o de su equipo, entre otras cosas y, seg\u00fan la informaci\u00f3n que contengan y de la forma en que utilice su equipo, pueden utilizarse para reconocer al usuario.\n<div class=\"separata\"><\/div>\n<h3>Identificaci\u00f3n de cookies utilizadas<\/h3>\nSiguiendo las directrices establecidas por la Agencia Espa\u00f1ola de Protecci\u00f3n de Datos, las cookies empleadas en esta web se clasifican de la siguiente forma:\n<ul>\n \t<li><strong>Cookies propias:<\/strong> Son aqu\u00e9llas que se env\u00edan al equipo terminal del usuario desde un equipo o dominio gestionado por el propio editor y desde el que se presta el servicio solicitado por el usuario.<\/li>\n \t<li><strong>Cookies de sesi\u00f3n:<\/strong> Recaban y almacenan datos mientras el usuario accede a una p\u00e1gina web.<\/li>\n \t<li><strong>Cookies persistentes:<\/strong> Almacenan los datos en el terminal de manera que pueden ser accedidos y tratados durante un periodo definido por el responsable de la cookie -de unos minutos a varios a\u00f1os-.<\/li>\n \t<li><strong>Cookies t\u00e9cnicas:<\/strong> Permiten al usuario la navegaci\u00f3n a trav\u00e9s de una p\u00e1gina web, plataforma o aplicaci\u00f3n y la utilizaci\u00f3n de las diferentes opciones o servicios que en ella existan.<\/li>\n \t<li><strong>Cookies de an\u00e1lisis:<\/strong> Permiten al responsable de las mismas, el seguimiento y an\u00e1lisis del comportamiento de los usuarios de los sitios web a los que est\u00e1n vinculadas. La informaci\u00f3n recogida mediante este tipo de cookies se utiliza en la medici\u00f3n de la actividad de los sitios web, aplicaci\u00f3n o plataforma y para la elaboraci\u00f3n de perfiles de navegaci\u00f3n de los usuarios de dichos sitios, aplicaciones y plataformas, con el fin de introducir mejoras en funci\u00f3n del an\u00e1lisis de los datos de uso que hacen los usuarios del servicio.<\/li>\n<\/ul>\n<h2 style=\"margin-bottom: 0cm;\"><strong>Las cookies utilizadas en www.pictormulier.com son:<\/strong><\/h2>\nA partir de la opci\u00f3n que tome acerca del uso de cookies en este sitio web, se le enviar\u00e1 una <strong>cookie adicional <\/strong>para salvaguardar su elecci\u00f3n y que no tenga que aceptar el uso de cookies cada vez que acceda a nuestra web. El objetivo de esta lista de cookies es ayudarle a reconocer las cookies almacenadas en su navegador cuando visita nuestra web o cuando ve nuestros anuncios en otros sitios. Hemos intentado incluir todas las cookies que utilizamos tanto nosotros como nuestros socios tecnol\u00f3gicos, pero tenga en cuenta que a veces podemos retrasarnos al actualizar la lista. Si observa alguna discrepancia o cree que falta alguna cookie, no dude en dec\u00edrnoslo.\n<h4>Cookies estrictamente necesarias<\/h4>\nAlgunas cookies son indispensables para poder proveer funcionalidades b\u00e1sicas. Este sitio web no podr\u00e1 funcionar correctamente sin que se habiliten estas cookies. Est\u00e1s cookies est\u00e1n habilitadas por defecto y no pueden deshabilitarse.\n<table class=\"legal-cookies\">\n<thead>\n<tr>\n<th style=\"vertical-align: top; width: 200px;\">Responsable \/ Host<\/th>\n<th style=\"vertical-align: top; width: 109px;\">Propia \/ Tercero<\/th>\n<th style=\"vertical-align: top; width: 200px;\">Nombre<\/th>\n<th style=\"vertical-align: top; width: 160px;\">Tipo<\/th>\n<th style=\"vertical-align: top; width: 160px;\">Caducidad<\/th>\n<\/tr>\n<\/thead>\n<tbody>\n<tr>\n<td style=\"vertical-align: top;\">pictormulier.com<\/td>\n<td style=\"vertical-align: top;\">Propia<\/td>\n<td style=\"vertical-align: top;\">qtrans_front_language<\/td>\n<td style=\"vertical-align: top;\">Persistente<\/td>\n<td style=\"vertical-align: top;\">365 dias<\/td>\n<\/tr>\n<\/tbody>\n<\/table>\n<h4>Cookies de an\u00e1lisis o medici\u00f3n<\/h4>\nLas cookies anal\u00edticas nos ayudan a mejorar nuestro sitio web recolectando y reportando informaci\u00f3n sobre su utilizaci\u00f3n.\n<table class=\"legal-cookies\">\n<thead>\n<tr>\n<th style=\"vertical-align: top; width: 200px;\">Responsable \/ Host<\/th>\n<th style=\"vertical-align: top; width: 109px;\">Propia \/ Tercero<\/th>\n<th style=\"vertical-align: top; width: 200px;\">Nombre<\/th>\n<th style=\"vertical-align: top; width: 160px;\">Tipo<\/th>\n<th style=\"vertical-align: top; width: 160px;\">Caducidad<\/th>\n<\/tr>\n<\/thead>\n<tbody>\n<tr>\n<td style=\"vertical-align: top;\">pictormulier.com<\/td>\n<td style=\"vertical-align: top;\">Propia<\/td>\n<td style=\"vertical-align: top;\">_ga<\/td>\n<td style=\"vertical-align: top;\">Persistente<\/td>\n<td style=\"vertical-align: top;\">730 dias<\/td>\n<\/tr>\n<tr>\n<td style=\"vertical-align: top;\">pictormulier.com<\/td>\n<td style=\"vertical-align: top;\">Propia<\/td>\n<td style=\"vertical-align: top;\">_gid<\/td>\n<td style=\"vertical-align: top;\">Persistente<\/td>\n<td style=\"vertical-align: top;\">1 dia<\/td>\n<\/tr>\n<tr>\n<td style=\"vertical-align: top;\">pictormulier.com<\/td>\n<td style=\"vertical-align: top;\">Propia<\/td>\n<td style=\"vertical-align: top;\">_gat<\/td>\n<td style=\"vertical-align: top;\">Persistente<\/td>\n<td style=\"vertical-align: top;\">1 hora<\/td>\n<\/tr>\n<tr>\n<td style=\"vertical-align: top;\">pictormulier.com<\/td>\n<td style=\"vertical-align: top;\">Propia<\/td>\n<td style=\"vertical-align: top;\">_gat_UA-38115130-1<\/td>\n<td style=\"vertical-align: top;\">Persistente<\/td>\n<td style=\"vertical-align: top;\">1 hora<\/td>\n<\/tr>\n<\/tbody>\n<\/table>\n<div class=\"separata\"><\/div>\n<h3>Desactivaci\u00f3n de cookies<\/h3>\nPuede usted permitir, bloquear o eliminar las cookies instaladas en su equipo mediante la configuraci\u00f3n de las opciones del navegador instalado en su ordenador. Por favor, lea atentamente la secci\u00f3n de ayuda de su navegador para conocer m\u00e1s acerca de c\u00f3mo activar el \u201cmodo privado\u201d o desbloquear determinadas cookies.\n<ul>\n \t<li>Internet Explorer: Herramientas -&gt; Opciones de Internet -&gt; Privacidad -&gt; Configuraci\u00f3n.\nPara m\u00e1s informaci\u00f3n, puedes consultar el <a href=\"http:\/\/windows.microsoft.com\/es-ES\/windows\/support#1TC=other\" target=\"_blank\" rel=\"noopener\">soporte de Microsoft<\/a> o la Ayuda del navegador.<\/li>\n \t<li>Firefox: Herramientas -&gt; Opciones -&gt; Privacidad -&gt; Historial -&gt; Configuraci\u00f3n Personalizada.\nPara m\u00e1s informaci\u00f3n, puedes consultar el <a href=\"https:\/\/support.mozilla.org\/es\/\" target=\"_blank\" rel=\"noopener\">soporte de Mozilla<\/a> o la Ayuda del navegador.<\/li>\n \t<li>Chrome: Configuraci\u00f3n -&gt; Mostrar opciones avanzadas -&gt; Privacidad -&gt; Configuraci\u00f3n de contenido.\nPara m\u00e1s informaci\u00f3n, puedes consultar el <a href=\"https:\/\/support.google.com\/chrome\/?hl=es#topic=3227046\" target=\"_blank\" rel=\"noopener\">soporte de Google<\/a> o la Ayuda del navegador.<\/li>\n \t<li>Safari: Preferencias -&gt; Seguridad.\nPara m\u00e1s informaci\u00f3n, puedes consultar el <a href=\"http:\/\/www.apple.com\/es\/support\/mac-apps\/safari\/\" target=\"_blank\" rel=\"noopener\">soporte de Apple<\/a> o la Ayuda del navegador.<\/li>\n<\/ul>\n<div class=\"separata\"><\/div>\n<h3>Desactivaci\u00f3n o eliminaci\u00f3n de cookies pertenecientes a Google Analytics<\/h3>\nSi acepta el uso de cookies pertenecientes a Google Analytics podr\u00e1 desinstalarlas posteriormente mediante la configuraci\u00f3n de su navegador, tal y como se ha indicado, o instalando el complemento de inhabilitaci\u00f3n de Google Analytics: https:\/\/tools.google.com\/dlpage\/gaoptout?hl=es. Le recordamos que si elimina las cookies de personalizaci\u00f3n tendr\u00e1 que actualizar sus preferencias cada vez que inicie una sesi\u00f3n con nosotros o si utiliza un dispositivo diferente, perfil ordenador o navegador tendr\u00e1 que decirnos sus preferencias nuevamente. Del mismo modo, esta eliminaci\u00f3n podr\u00e1 impedir el funcionamiento correcto de algunas funcionalidades.\t\t\t\t\t\t\t\t<\/div>\n\t\t\t\t<\/div>\n\t\t\t\t\t<\/div>\n\t\t\t\t<\/div>\n\t\t\t\t<\/div>\n\t\t","protected":false},"excerpt":{"rendered":"<p>Pol\u00edtica de cookies \u00bfQu\u00e9 es una cookie? Es un fichero que se descarga en su ordenador u otro dispositivo al acceder a determinadas p\u00e1ginas web que recogen informaci\u00f3n sobre su navegaci\u00f3n en dicho sitio web. En algunos casos las cookies resultan necesarias para facilitar la navegaci\u00f3n y permiten almacenar y recuperar informaci\u00f3n sobre los h\u00e1bitos [&#8230;]<\/p>\n<p><a class=\"btn btn-secondary understrap-read-more-link\" href=\"https:\/\/pictormulier.com\/en\/politica-de-cookies\/\">Read More&#8230;<span class=\"screen-reader-text\"> from Pol\u00edtica de cookies<\/span><\/a><\/p>\n","protected":false},"author":1,"featured_media":0,"parent":0,"menu_order":0,"comment_status":"closed","ping_status":"closed","template":"elementor_header_footer","meta":{"footnotes":""},"class_list":["post-813","page","type-page","status-publish","hentry"],"_links":{"self":[{"href":"https:\/\/pictormulier.com\/en\/wp-json\/wp\/v2\/pages\/813","targetHints":{"allow":["GET"]}}],"collection":[{"href":"https:\/\/pictormulier.com\/en\/wp-json\/wp\/v2\/pages"}],"about":[{"href":"https:\/\/pictormulier.com\/en\/wp-json\/wp\/v2\/types\/page"}],"author":[{"embeddable":true,"href":"https:\/\/pictormulier.com\/en\/wp-json\/wp\/v2\/users\/1"}],"replies":[{"embeddable":true,"href":"https:\/\/pictormulier.com\/en\/wp-json\/wp\/v2\/comments?post=813"}],"version-history":[{"count":5,"href":"https:\/\/pictormulier.com\/en\/wp-json\/wp\/v2\/pages\/813\/revisions"}],"predecessor-version":[{"id":3470,"href":"https:\/\/pictormulier.com\/en\/wp-json\/wp\/v2\/pages\/813\/revisions\/3470"}],"wp:attachment":[{"href":"https:\/\/pictormulier.com\/en\/wp-json\/wp\/v2\/media?parent=813"}],"curies":[{"name":"wp","href":"https:\/\/api.w.org\/{rel}","templated":true}]}}